{"id":62151,"date":"2025-04-24T16:40:32","date_gmt":"2025-04-24T15:40:32","guid":{"rendered":"https:\/\/www.marclabarbe.com\/?page_id=62151"},"modified":"2025-05-15T10:43:38","modified_gmt":"2025-05-15T09:43:38","slug":"design-art-decoratifs-du-xxeme","status":"publish","type":"page","link":"https:\/\/www.marclabarbe.com\/en\/design-art-decoratifs-du-xxeme\/","title":{"rendered":"Design \u2013 20th Century Decorative Arts"},"content":{"rendered":"<div data-elementor-type=\"wp-page\" data-elementor-id=\"62151\" class=\"elementor elementor-62151\" data-elementor-post-type=\"page\">\n\t\t\t\t\t\t<section class=\"elementor-section elementor-top-section elementor-element elementor-element-73c89010 elementor-section-boxed elementor-section-height-default elementor-section-height-default\" data-id=\"73c89010\" data-element_type=\"section\">\n\t\t\t\t\t\t<div class=\"elementor-container elementor-column-gap-default\">\n\t\t\t\t\t<div class=\"elementor-column elementor-col-100 elementor-top-column elementor-element elementor-element-1ef72f1e\" data-id=\"1ef72f1e\" data-element_type=\"column\">\n\t\t\t<div class=\"elementor-widget-wrap elementor-element-populated\">\n\t\t\t\t\t\t<div class=\"elementor-element elementor-element-25be4b38 elementor-invisible elementor-widget elementor-widget-heading\" data-id=\"25be4b38\" data-element_type=\"widget\" data-settings=\"{&quot;_animation&quot;:&quot;fadeInUp&quot;}\" data-widget_type=\"heading.default\">\n\t\t\t\t<div class=\"elementor-widget-container\">\n\t\t\t\t\t<h1 class=\"elementor-heading-title elementor-size-default\">Design \u2013 20th Century Decorative Arts\n<\/h1>\t\t\t\t<\/div>\n\t\t\t\t<\/div>\n\t\t\t\t<div class=\"elementor-element elementor-element-23867c98 elementor-widget-divider--view-line elementor-widget elementor-widget-divider\" data-id=\"23867c98\" data-element_type=\"widget\" data-widget_type=\"divider.default\">\n\t\t\t\t<div class=\"elementor-widget-container\">\n\t\t\t\t\t\t\t<div class=\"elementor-divider\">\n\t\t\t<span class=\"elementor-divider-separator\">\n\t\t\t\t\t\t<\/span>\n\t\t<\/div>\n\t\t\t\t\t\t<\/div>\n\t\t\t\t<\/div>\n\t\t\t\t\t<\/div>\n\t\t<\/div>\n\t\t\t\t\t<\/div>\n\t\t<\/section>\n\t\t\t\t<section class=\"elementor-section elementor-top-section elementor-element elementor-element-8e295b6 elementor-section-boxed elementor-section-height-default elementor-section-height-default\" data-id=\"8e295b6\" data-element_type=\"section\">\n\t\t\t\t\t\t<div class=\"elementor-container elementor-column-gap-default\">\n\t\t\t\t\t<div class=\"elementor-column elementor-col-100 elementor-top-column elementor-element elementor-element-1cf56f4\" data-id=\"1cf56f4\" data-element_type=\"column\">\n\t\t\t<div class=\"elementor-widget-wrap elementor-element-populated\">\n\t\t\t\t\t\t<div class=\"elementor-element elementor-element-e7acfc6 elementor-widget elementor-widget-text-editor\" data-id=\"e7acfc6\" data-element_type=\"widget\" data-widget_type=\"text-editor.default\">\n\t\t\t\t<div class=\"elementor-widget-container\">\n\t\t\t\t\t\t\t\t\t<p><span data-contrast=\"auto\">Throughout the centuries, art has survived, evolved, and been refined to remain a fundamental pillar of our culture. Galleries and auction houses don&#039;t just house witnesses to the past; we play a vital role in bringing art to life, bringing a touch of refinement to your homes and collections. By presenting pieces from the Art Nouveau, Art Deco, Design, and contemporary movements, our 20th-century art sales attract a passionate and growing audience, of which you are likely a part.<\/span><span data-ccp-props=\"{}\">&nbsp;<\/span><\/p>\n<p><span data-contrast=\"auto\">Under the expert eye of our auctioneers, we not only offer you a guarantee of authenticity for each item, but we also ensure your pieces have international visibility, giving them the opportunity to find a new French or foreign owner.&nbsp;<\/span><span data-ccp-props=\"{&quot;134233117&quot;:true,&quot;134233118&quot;:true,&quot;201341983&quot;:0,&quot;335559740&quot;:240}\">&nbsp;<\/span><\/p>\n<p><span data-contrast=\"auto\">Marc Labarbe auction house organizes sales two to three times a year on the theme of 20th-century design and art. This is your chance to find the latest trending pieces, but also to entrust us with those that no longer fit into your home.&nbsp;<\/span><span data-ccp-props=\"{}\">&nbsp;<\/span><\/p>\t\t\t\t\t\t\t\t<\/div>\n\t\t\t\t<\/div>\n\t\t\t\t<div class=\"elementor-element elementor-element-3ae2466 elementor-widget elementor-widget-gallery\" data-id=\"3ae2466\" data-element_type=\"widget\" data-settings=\"{&quot;gallery_layout&quot;:&quot;justified&quot;,&quot;lazyload&quot;:&quot;yes&quot;,&quot;ideal_row_height&quot;:{&quot;unit&quot;:&quot;px&quot;,&quot;size&quot;:200,&quot;sizes&quot;:[]},&quot;ideal_row_height_tablet&quot;:{&quot;unit&quot;:&quot;px&quot;,&quot;size&quot;:150,&quot;sizes&quot;:[]},&quot;ideal_row_height_mobile&quot;:{&quot;unit&quot;:&quot;px&quot;,&quot;size&quot;:150,&quot;sizes&quot;:[]},&quot;gap&quot;:{&quot;unit&quot;:&quot;px&quot;,&quot;size&quot;:10,&quot;sizes&quot;:[]},&quot;gap_tablet&quot;:{&quot;unit&quot;:&quot;px&quot;,&quot;size&quot;:10,&quot;sizes&quot;:[]},&quot;gap_mobile&quot;:{&quot;unit&quot;:&quot;px&quot;,&quot;size&quot;:10,&quot;sizes&quot;:[]},&quot;link_to&quot;:&quot;file&quot;,&quot;overlay_background&quot;:&quot;yes&quot;,&quot;content_hover_animation&quot;:&quot;fade-in&quot;}\" data-widget_type=\"gallery.default\">\n\t\t\t\t<div class=\"elementor-widget-container\">\n\t\t\t\t\t\t\t<div class=\"elementor-gallery__container\">\n\t\t\t\t\t\t\t<a class=\"e-gallery-item elementor-gallery-item elementor-animated-content\" href=\"https:\/\/www.marclabarbe.com\/wp-content\/uploads\/2025\/04\/Martin-SZEKELY.webp\" data-elementor-open-lightbox=\"yes\" data-elementor-lightbox-slideshow=\"3ae2466\" data-elementor-lightbox-title=\"Martin SZEKELY (n\u00e9 en 1956) &quot;Pettit&quot; 1985\" data-elementor-lightbox-description=\"Bureau en acier laqu\u00e9 noir, le plateau en forme d&#039;ogive support\u00e9 par un pied plein d&#039;un c\u00f4t\u00e9, par un pi\u00e8tement triple surmont\u00e9 d&#039;un cylindre et se terminant par de fines virgules de l&#039;autre. Edition Neotu Quelques rayures et frottements, petits sauts de peinture. 73 x 94 x 68 cm  Adjug\u00e9 \u00e0 36.700 euros.  \" data-e-action-hash=\"#elementor-action%3Aaction%3Dlightbox%26settings%3DeyJpZCI6NjI0OTIsInVybCI6Imh0dHBzOlwvXC93d3cubWFyY2xhYmFyYmUuY29tXC93cC1jb250ZW50XC91cGxvYWRzXC8yMDI1XC8wNFwvTWFydGluLVNaRUtFTFkud2VicCIsInNsaWRlc2hvdyI6IjNhZTI0NjYifQ%3D%3D\">\n\t\t\t\t\t<div class=\"e-gallery-image elementor-gallery-item__image\" data-thumbnail=\"https:\/\/www.marclabarbe.com\/wp-content\/uploads\/2025\/04\/Martin-SZEKELY.webp\" data-width=\"1437\" data-height=\"2160\" aria-label=\"Martin SZEKELY (born 1956) &quot;Pettit&quot; 1985 Black lacquered steel desk, the ogive-shaped top supported by a solid leg on one side, and by a triple base surmounted by a cylinder and ending in delicate commas on the other. Neotu edition. Some scratches and scuffs, small paint chips. 73 x 94 x 68 cm \u20ac36,700.\" role=\"img\" ><\/div>\n\t\t\t\t\t\t\t\t\t\t\t<div class=\"elementor-gallery-item__overlay\"><\/div>\n\t\t\t\t\t\t\t\t\t\t\t\t\t\t<\/a>\n\t\t\t\t\t\t\t<a class=\"e-gallery-item elementor-gallery-item elementor-animated-content\" href=\"https:\/\/www.marclabarbe.com\/wp-content\/uploads\/2025\/04\/rene-lalique.webp\" data-elementor-open-lightbox=\"yes\" data-elementor-lightbox-slideshow=\"3ae2466\" data-elementor-lightbox-title=\"Ren\u00e9 LALIQUE (1860-1945) Lustre \u00ab Figurines et branches \u00bb (1913)\" data-elementor-lightbox-description=\"\u00c9preuves en verre blanc moul\u00e9-press\u00e9 satin\u00e9 mat et brillant assembl\u00e9es s\u00e9par\u00e9ment. Une dalle de la vasque pivotante (infimes \u00e9clats d&#039;usage, une dalle de la vasque centrale restaur\u00e9e). Haut. 49 cm diam. 79 cm - 41.200 euros. \" data-e-action-hash=\"#elementor-action%3Aaction%3Dlightbox%26settings%3DeyJpZCI6NjI0OTMsInVybCI6Imh0dHBzOlwvXC93d3cubWFyY2xhYmFyYmUuY29tXC93cC1jb250ZW50XC91cGxvYWRzXC8yMDI1XC8wNFwvcmVuZS1sYWxpcXVlLndlYnAiLCJzbGlkZXNob3ciOiIzYWUyNDY2In0%3D\">\n\t\t\t\t\t<div class=\"e-gallery-image elementor-gallery-item__image\" data-thumbnail=\"https:\/\/www.marclabarbe.com\/wp-content\/uploads\/2025\/04\/rene-lalique.webp\" data-width=\"1600\" data-height=\"1110\" aria-label=\"Ren\u00e9 Lalique (1860-1945) Chandelier &quot;Figurines and Branches&quot; (1913). Molded and pressed white glass, satin matte and glossy, assembled separately. One slab of the pivoting bowl (minor chips from use, one slab of the central bowl restored). Height 49 cm, diameter 79 cm. \u20ac41,200.\" role=\"img\" ><\/div>\n\t\t\t\t\t\t\t\t\t\t\t<div class=\"elementor-gallery-item__overlay\"><\/div>\n\t\t\t\t\t\t\t\t\t\t\t\t\t\t<\/a>\n\t\t\t\t\t\t\t<a class=\"e-gallery-item elementor-gallery-item elementor-animated-content\" href=\"https:\/\/www.marclabarbe.com\/wp-content\/uploads\/2025\/04\/lampe-femme.webp\" data-elementor-open-lightbox=\"yes\" data-elementor-lightbox-slideshow=\"3ae2466\" data-elementor-lightbox-title=\"Pablo PICASSO (1881 - 1973). Editions MADOURA. &quot;Lampe femme&quot;\" data-elementor-lightbox-description=\"Vase tourn\u00e9 en terre de fa\u00efence blanche, d\u00e9cor \u00e0 l&#039;engobe bleu, noir et brun. Cachet en creux &quot;d&#039;apr\u00e8s Picasso&quot; et atelier Madoura, hauteur : 36 cm. 14.800 euros\" data-e-action-hash=\"#elementor-action%3Aaction%3Dlightbox%26settings%3DeyJpZCI6NjI0ODgsInVybCI6Imh0dHBzOlwvXC93d3cubWFyY2xhYmFyYmUuY29tXC93cC1jb250ZW50XC91cGxvYWRzXC8yMDI1XC8wNFwvbGFtcGUtZmVtbWUud2VicCIsInNsaWRlc2hvdyI6IjNhZTI0NjYifQ%3D%3D\">\n\t\t\t\t\t<div class=\"e-gallery-image elementor-gallery-item__image\" data-thumbnail=\"https:\/\/www.marclabarbe.com\/wp-content\/uploads\/2025\/04\/lampe-femme.webp\" data-width=\"601\" data-height=\"900\" aria-label=\"Pablo Picasso (1881-1973). Madoura Editions. &quot;Woman Lamp,&quot; a vase turned in white earthenware, decorated with blue, black, and brown slip. Impressed stamp &quot;after Picasso&quot; and Madoura workshop mark, height: 36 cm. \u20ac14,800.\" role=\"img\" ><\/div>\n\t\t\t\t\t\t\t\t\t\t\t<div class=\"elementor-gallery-item__overlay\"><\/div>\n\t\t\t\t\t\t\t\t\t\t\t\t\t\t<\/a>\n\t\t\t\t\t\t\t<a class=\"e-gallery-item elementor-gallery-item elementor-animated-content\" href=\"https:\/\/www.marclabarbe.com\/wp-content\/uploads\/2025\/04\/paires-de-larges-fauteuil.webp\" data-elementor-open-lightbox=\"yes\" data-elementor-lightbox-slideshow=\"3ae2466\" data-elementor-lightbox-title=\"Warren PLATNER (1919 - 2006) - Paires de larges fauteuils\" data-elementor-lightbox-description=\"Fil de m\u00e9tal \u00e0 haut dossier et profonde assise formant acoudoirs arrondis am\u00e9nag\u00e9 de galettes, couverts de drap de laine couleur sable reposant sur des pi\u00e8tements corbeille \u00e0 r\u00e9ception plate, \u00e9dition Knoll International vers 1965. On y joint un ottoman assorti au mod\u00e8le. Adjug\u00e9 \u00e0 9100 euros.\" data-e-action-hash=\"#elementor-action%3Aaction%3Dlightbox%26settings%3DeyJpZCI6NjI1MDYsInVybCI6Imh0dHBzOlwvXC93d3cubWFyY2xhYmFyYmUuY29tXC93cC1jb250ZW50XC91cGxvYWRzXC8yMDI1XC8wNFwvcGFpcmVzLWRlLWxhcmdlcy1mYXV0ZXVpbC53ZWJwIiwic2xpZGVzaG93IjoiM2FlMjQ2NiJ9\">\n\t\t\t\t\t<div class=\"e-gallery-image elementor-gallery-item__image\" data-thumbnail=\"https:\/\/www.marclabarbe.com\/wp-content\/uploads\/2025\/04\/paires-de-larges-fauteuil.webp\" data-width=\"1920\" data-height=\"1407\" aria-label=\"Warren PLATNER (1919 - 2006). Pair of large wire armchairs with high backs and deep seats forming rounded armrests fitted with cushions, covered in sand-colored wool cloth resting on basket legs with flat reception, Knoll International edition circa 1965. A matching ottoman is included.\" role=\"img\" ><\/div>\n\t\t\t\t\t\t\t\t\t\t\t<div class=\"elementor-gallery-item__overlay\"><\/div>\n\t\t\t\t\t\t\t\t\t\t\t\t\t\t<\/a>\n\t\t\t\t\t\t\t<a class=\"e-gallery-item elementor-gallery-item elementor-animated-content\" href=\"https:\/\/www.marclabarbe.com\/wp-content\/uploads\/2025\/04\/lurcat-deux-lumiere.webp\" data-elementor-open-lightbox=\"yes\" data-elementor-lightbox-slideshow=\"3ae2466\" data-elementor-lightbox-title=\"lurcat deux lumie\u0300re\" data-elementor-lightbox-description=\"Tapisserie, \u00e9diteur Suzanne Goubely-Gatien, Aubusson, matricule 2086, 153 x 292 cm. Adjug\u00e9 \u00e0 12.500 euros. \" data-e-action-hash=\"#elementor-action%3Aaction%3Dlightbox%26settings%3DeyJpZCI6NjI1MDQsInVybCI6Imh0dHBzOlwvXC93d3cubWFyY2xhYmFyYmUuY29tXC93cC1jb250ZW50XC91cGxvYWRzXC8yMDI1XC8wNFwvbHVyY2F0LWRldXgtbHVtaWVyZS53ZWJwIiwic2xpZGVzaG93IjoiM2FlMjQ2NiJ9\">\n\t\t\t\t\t<div class=\"e-gallery-image elementor-gallery-item__image\" data-thumbnail=\"https:\/\/www.marclabarbe.com\/wp-content\/uploads\/2025\/04\/lurcat-deux-lumiere.webp\" data-width=\"1920\" data-height=\"1281\" aria-label=\"\" role=\"img\" ><\/div>\n\t\t\t\t\t\t\t\t\t\t\t<div class=\"elementor-gallery-item__overlay\"><\/div>\n\t\t\t\t\t\t\t\t\t\t\t\t\t\t<\/a>\n\t\t\t\t\t\t\t<a class=\"e-gallery-item elementor-gallery-item elementor-animated-content\" href=\"https:\/\/www.marclabarbe.com\/wp-content\/uploads\/2025\/04\/ruelland.webp\" data-elementor-open-lightbox=\"yes\" data-elementor-lightbox-slideshow=\"3ae2466\" data-elementor-lightbox-title=\"Jacques RUELLAND (1926-2008) et Dani RUELLAND (1933 - 2010)\" data-elementor-lightbox-description=\"Important pied de lampe en c\u00e9ramique \u00e0 large corps sph\u00e9rique aplati et petit col effil\u00e9 bagu\u00e9 de laiton, couverte \u00e9maill\u00e9e mauve gris\u00e9. Adjug\u00e9 \u00e0 4.000 euros. \" data-e-action-hash=\"#elementor-action%3Aaction%3Dlightbox%26settings%3DeyJpZCI6NjI0NjEsInVybCI6Imh0dHBzOlwvXC93d3cubWFyY2xhYmFyYmUuY29tXC93cC1jb250ZW50XC91cGxvYWRzXC8yMDI1XC8wNFwvcnVlbGxhbmQud2VicCIsInNsaWRlc2hvdyI6IjNhZTI0NjYifQ%3D%3D\">\n\t\t\t\t\t<div class=\"e-gallery-image elementor-gallery-item__image\" data-thumbnail=\"https:\/\/www.marclabarbe.com\/wp-content\/uploads\/2025\/04\/ruelland.webp\" data-width=\"599\" data-height=\"900\" aria-label=\"Jacques RUELLAND (1926-2008) and Dani RUELLAND (1933 - 2010). Large ceramic lamp base with a large, flattened spherical body and a small, tapered neck ringed with brass, covered in a mauve-grey enamel. Approximately 4,000 euros.\" role=\"img\" ><\/div>\n\t\t\t\t\t\t\t\t\t\t\t<div class=\"elementor-gallery-item__overlay\"><\/div>\n\t\t\t\t\t\t\t\t\t\t\t\t\t\t<\/a>\n\t\t\t\t\t\t\t<a class=\"e-gallery-item elementor-gallery-item elementor-animated-content\" href=\"https:\/\/www.marclabarbe.com\/wp-content\/uploads\/2025\/04\/Marc-Ange-scaled.webp\" data-elementor-open-lightbox=\"yes\" data-elementor-lightbox-slideshow=\"3ae2466\" data-elementor-lightbox-title=\"LJ Edition \/ en collaboration avec Marc ANGE\" data-elementor-lightbox-description=\"Paire de fauteuils &quot;Araign\u00e9e&quot;. Base sph\u00e9rique, recouverte de tissu bleu. Au si\u00e8ge est suspendue une multitude de pieds en acier finition or. L 112 x l 142 x H 85 cm Adjug\u00e9 \u00e0 7.700 euros. \" data-e-action-hash=\"#elementor-action%3Aaction%3Dlightbox%26settings%3DeyJpZCI6NjI1MDUsInVybCI6Imh0dHBzOlwvXC93d3cubWFyY2xhYmFyYmUuY29tXC93cC1jb250ZW50XC91cGxvYWRzXC8yMDI1XC8wNFwvTWFyYy1BbmdlLXNjYWxlZC53ZWJwIiwic2xpZGVzaG93IjoiM2FlMjQ2NiJ9\">\n\t\t\t\t\t<div class=\"e-gallery-image elementor-gallery-item__image\" data-thumbnail=\"https:\/\/www.marclabarbe.com\/wp-content\/uploads\/2025\/04\/Marc-Ange-scaled.webp\" data-width=\"2560\" data-height=\"1704\" aria-label=\"LJ Edition \/ in collaboration with Marc ANGE. Pair of &quot;Spider&quot; armchairs. Spherical base, covered in blue fabric. A multitude of gold-finished steel legs hang from the seat. L 112 x W 142 x H 85 cm Sold for 7,700 euros.\" role=\"img\" ><\/div>\n\t\t\t\t\t\t\t\t\t\t\t<div class=\"elementor-gallery-item__overlay\"><\/div>\n\t\t\t\t\t\t\t\t\t\t\t\t\t\t<\/a>\n\t\t\t\t\t\t\t<a class=\"e-gallery-item elementor-gallery-item elementor-animated-content\" href=\"https:\/\/www.marclabarbe.com\/wp-content\/uploads\/2025\/04\/Jacques-Duval-Brasseur.webp\" data-elementor-open-lightbox=\"yes\" data-elementor-lightbox-slideshow=\"3ae2466\" data-elementor-lightbox-title=\"Jacques DUVAL BRASSEUR (1934-2016) Lampe \u00e0 monture en bronze dor\u00e9\" data-elementor-lightbox-description=\"nserrant un nautile, l&#039;abat-jour ovale \u00e0 motif de barrettes, le pi\u00e8tement figurant une patte de coq. Adjug\u00e9 \u00e0 5.100 euros. \" data-e-action-hash=\"#elementor-action%3Aaction%3Dlightbox%26settings%3DeyJpZCI6NjI1MDIsInVybCI6Imh0dHBzOlwvXC93d3cubWFyY2xhYmFyYmUuY29tXC93cC1jb250ZW50XC91cGxvYWRzXC8yMDI1XC8wNFwvSmFjcXVlcy1EdXZhbC1CcmFzc2V1ci53ZWJwIiwic2xpZGVzaG93IjoiM2FlMjQ2NiJ9\">\n\t\t\t\t\t<div class=\"e-gallery-image elementor-gallery-item__image\" data-thumbnail=\"https:\/\/www.marclabarbe.com\/wp-content\/uploads\/2025\/04\/Jacques-Duval-Brasseur.webp\" data-width=\"1600\" data-height=\"1068\" aria-label=\"Jacques DUVAL BRASSEUR (1934-2016). Lamp with a gilt bronze mount enclosing a nautilus shell, the oval lampshade with a bar motif, the base in the shape of a rooster&#039;s foot. 5,100 euros.\" role=\"img\" ><\/div>\n\t\t\t\t\t\t\t\t\t\t\t<div class=\"elementor-gallery-item__overlay\"><\/div>\n\t\t\t\t\t\t\t\t\t\t\t\t\t\t<\/a>\n\t\t\t\t\t<\/div>\n\t\t\t\t\t<\/div>\n\t\t\t\t<\/div>\n\t\t\t\t\t<\/div>\n\t\t<\/div>\n\t\t\t\t\t<\/div>\n\t\t<\/section>\n\t\t\t\t<\/div>","protected":false},"excerpt":{"rendered":"<p>Design \u2013 20th Century Decorative Arts Throughout the centuries, art has survived, evolved, and been refined to remain a fundamental pillar of our culture. Galleries and auction houses do not only contain simple witnesses to the past; we play an essential role, that of bringing art to life, thus bringing a [\u2026]<\/p>","protected":false},"author":61,"featured_media":27756,"parent":0,"menu_order":0,"comment_status":"closed","ping_status":"closed","template":"","meta":{"_acf_changed":false,"ocean_post_layout":"","ocean_both_sidebars_style":"","ocean_both_sidebars_content_width":0,"ocean_both_sidebars_sidebars_width":0,"ocean_sidebar":"0","ocean_second_sidebar":"0","ocean_disable_margins":"enable","ocean_add_body_class":"","ocean_shortcode_before_top_bar":"","ocean_shortcode_after_top_bar":"","ocean_shortcode_before_header":"","ocean_shortcode_after_header":"","ocean_has_shortcode":"","ocean_shortcode_after_title":"","ocean_shortcode_before_footer_widgets":"","ocean_shortcode_after_footer_widgets":"","ocean_shortcode_before_footer_bottom":"","ocean_shortcode_after_footer_bottom":"","ocean_display_top_bar":"default","ocean_display_header":"default","ocean_header_style":"","ocean_center_header_left_menu":"0","ocean_custom_header_template":"0","ocean_custom_logo":0,"ocean_custom_retina_logo":0,"ocean_custom_logo_max_width":0,"ocean_custom_logo_tablet_max_width":0,"ocean_custom_logo_mobile_max_width":0,"ocean_custom_logo_max_height":0,"ocean_custom_logo_tablet_max_height":0,"ocean_custom_logo_mobile_max_height":0,"ocean_header_custom_menu":"0","ocean_menu_typo_font_family":"0","ocean_menu_typo_font_subset":"","ocean_menu_typo_font_size":0,"ocean_menu_typo_font_size_tablet":0,"ocean_menu_typo_font_size_mobile":0,"ocean_menu_typo_font_size_unit":"px","ocean_menu_typo_font_weight":"","ocean_menu_typo_font_weight_tablet":"","ocean_menu_typo_font_weight_mobile":"","ocean_menu_typo_transform":"","ocean_menu_typo_transform_tablet":"","ocean_menu_typo_transform_mobile":"","ocean_menu_typo_line_height":0,"ocean_menu_typo_line_height_tablet":0,"ocean_menu_typo_line_height_mobile":0,"ocean_menu_typo_line_height_unit":"","ocean_menu_typo_spacing":0,"ocean_menu_typo_spacing_tablet":0,"ocean_menu_typo_spacing_mobile":0,"ocean_menu_typo_spacing_unit":"","ocean_menu_link_color":"","ocean_menu_link_color_hover":"","ocean_menu_link_color_active":"","ocean_menu_link_background":"","ocean_menu_link_hover_background":"","ocean_menu_link_active_background":"","ocean_menu_social_links_bg":"","ocean_menu_social_hover_links_bg":"","ocean_menu_social_links_color":"","ocean_menu_social_hover_links_color":"","ocean_disable_title":"on","ocean_disable_heading":"default","ocean_post_title":"","ocean_post_subheading":"","ocean_post_title_style":"","ocean_post_title_background_color":"","ocean_post_title_background":0,"ocean_post_title_bg_image_position":"","ocean_post_title_bg_image_attachment":"","ocean_post_title_bg_image_repeat":"","ocean_post_title_bg_image_size":"","ocean_post_title_height":0,"ocean_post_title_bg_overlay":0.5,"ocean_post_title_bg_overlay_color":"","ocean_disable_breadcrumbs":"default","ocean_breadcrumbs_color":"","ocean_breadcrumbs_separator_color":"","ocean_breadcrumbs_links_color":"","ocean_breadcrumbs_links_hover_color":"","ocean_display_footer_widgets":"default","ocean_display_footer_bottom":"default","ocean_custom_footer_template":"0","omw_enable_modal_window":"enable","footnotes":""},"class_list":["post-62151","page","type-page","status-publish","has-post-thumbnail","hentry","entry","has-media"],"acf":[],"jetpack_sharing_enabled":true,"publishpress_future_action":{"enabled":false,"date":"2026-05-06 17:21:23","action":"change-status","newStatus":"draft","terms":[],"taxonomy":"","extraData":[]},"publishpress_future_workflow_manual_trigger":{"enabledWorkflows":[]},"_links":{"self":[{"href":"https:\/\/www.marclabarbe.com\/en\/wp-json\/wp\/v2\/pages\/62151","targetHints":{"allow":["GET"]}}],"collection":[{"href":"https:\/\/www.marclabarbe.com\/en\/wp-json\/wp\/v2\/pages"}],"about":[{"href":"https:\/\/www.marclabarbe.com\/en\/wp-json\/wp\/v2\/types\/page"}],"author":[{"embeddable":true,"href":"https:\/\/www.marclabarbe.com\/en\/wp-json\/wp\/v2\/users\/61"}],"replies":[{"embeddable":true,"href":"https:\/\/www.marclabarbe.com\/en\/wp-json\/wp\/v2\/comments?post=62151"}],"version-history":[{"count":30,"href":"https:\/\/www.marclabarbe.com\/en\/wp-json\/wp\/v2\/pages\/62151\/revisions"}],"predecessor-version":[{"id":62796,"href":"https:\/\/www.marclabarbe.com\/en\/wp-json\/wp\/v2\/pages\/62151\/revisions\/62796"}],"wp:featuredmedia":[{"embeddable":true,"href":"https:\/\/www.marclabarbe.com\/en\/wp-json\/wp\/v2\/media\/27756"}],"wp:attachment":[{"href":"https:\/\/www.marclabarbe.com\/en\/wp-json\/wp\/v2\/media?parent=62151"}],"curies":[{"name":"wp","href":"https:\/\/api.w.org\/{rel}","templated":true}]}}