{"id":62137,"date":"2025-04-24T16:00:50","date_gmt":"2025-04-24T15:00:50","guid":{"rendered":"https:\/\/www.marclabarbe.com\/?page_id=62137"},"modified":"2025-05-05T16:11:01","modified_gmt":"2025-05-05T15:11:01","slug":"instruments-de-musique","status":"publish","type":"page","link":"https:\/\/www.marclabarbe.com\/en\/instruments-de-musique\/","title":{"rendered":"Musical instruments"},"content":{"rendered":"<div data-elementor-type=\"wp-page\" data-elementor-id=\"62137\" class=\"elementor elementor-62137\" data-elementor-post-type=\"page\">\n\t\t\t\t\t\t<section class=\"elementor-section elementor-top-section elementor-element elementor-element-588267f0 elementor-section-boxed elementor-section-height-default elementor-section-height-default\" data-id=\"588267f0\" data-element_type=\"section\">\n\t\t\t\t\t\t<div class=\"elementor-container elementor-column-gap-default\">\n\t\t\t\t\t<div class=\"elementor-column elementor-col-100 elementor-top-column elementor-element elementor-element-591e248f\" data-id=\"591e248f\" data-element_type=\"column\">\n\t\t\t<div class=\"elementor-widget-wrap elementor-element-populated\">\n\t\t\t\t\t\t<div class=\"elementor-element elementor-element-2db5b567 elementor-invisible elementor-widget elementor-widget-heading\" data-id=\"2db5b567\" data-element_type=\"widget\" data-settings=\"{&quot;_animation&quot;:&quot;fadeInUp&quot;}\" data-widget_type=\"heading.default\">\n\t\t\t\t<div class=\"elementor-widget-container\">\n\t\t\t\t\t<h1 class=\"elementor-heading-title elementor-size-default\">Musical instruments\n<\/h1>\t\t\t\t<\/div>\n\t\t\t\t<\/div>\n\t\t\t\t<div class=\"elementor-element elementor-element-5a156d2 elementor-widget-divider--view-line elementor-widget elementor-widget-divider\" data-id=\"5a156d2\" data-element_type=\"widget\" data-widget_type=\"divider.default\">\n\t\t\t\t<div class=\"elementor-widget-container\">\n\t\t\t\t\t\t\t<div class=\"elementor-divider\">\n\t\t\t<span class=\"elementor-divider-separator\">\n\t\t\t\t\t\t<\/span>\n\t\t<\/div>\n\t\t\t\t\t\t<\/div>\n\t\t\t\t<\/div>\n\t\t\t\t\t<\/div>\n\t\t<\/div>\n\t\t\t\t\t<\/div>\n\t\t<\/section>\n\t\t\t\t<section class=\"elementor-section elementor-top-section elementor-element elementor-element-909eb19 elementor-section-boxed elementor-section-height-default elementor-section-height-default\" data-id=\"909eb19\" data-element_type=\"section\">\n\t\t\t\t\t\t<div class=\"elementor-container elementor-column-gap-default\">\n\t\t\t\t\t<div class=\"elementor-column elementor-col-100 elementor-top-column elementor-element elementor-element-f788968\" data-id=\"f788968\" data-element_type=\"column\">\n\t\t\t<div class=\"elementor-widget-wrap elementor-element-populated\">\n\t\t\t\t\t\t<div class=\"elementor-element elementor-element-2e6a71c elementor-widget elementor-widget-text-editor\" data-id=\"2e6a71c\" data-element_type=\"widget\" data-widget_type=\"text-editor.default\">\n\t\t\t\t<div class=\"elementor-widget-container\">\n\t\t\t\t\t\t\t\t\t<p><span data-contrast=\"auto\">Do you own a rare or valuable musical instrument and want to get the best value for it?\u00a0<\/span><span data-ccp-props=\"{&quot;134233117&quot;:true,&quot;134233118&quot;:true}\">\u00a0<\/span><\/p><p><span data-contrast=\"auto\">Auctions are the ideal solution to maximize the price of your musical pieces while benefiting from international visibility.<\/span><span data-ccp-props=\"{&quot;134233117&quot;:true,&quot;134233118&quot;:true}\">\u00a0<\/span><\/p><p><span data-contrast=\"auto\">At the house of <\/span><b><span data-contrast=\"auto\">Marc Labarbe<\/span><\/b><span data-contrast=\"auto\">, we offer you the opportunity to auction your musical instruments, whether vintage guitars, rare pianos, antique violins or any other exceptional instrument. Our team puts its expertise at your service to guarantee you a fair estimate and a successful sale.<\/span><span data-ccp-props=\"{&quot;134233117&quot;:true,&quot;134233118&quot;:true}\">\u00a0<\/span><\/p>\t\t\t\t\t\t\t\t<\/div>\n\t\t\t\t<\/div>\n\t\t\t\t<div class=\"elementor-element elementor-element-35a9acb elementor-widget elementor-widget-gallery\" data-id=\"35a9acb\" data-element_type=\"widget\" data-settings=\"{&quot;gallery_layout&quot;:&quot;justified&quot;,&quot;lazyload&quot;:&quot;yes&quot;,&quot;ideal_row_height&quot;:{&quot;unit&quot;:&quot;px&quot;,&quot;size&quot;:200,&quot;sizes&quot;:[]},&quot;ideal_row_height_tablet&quot;:{&quot;unit&quot;:&quot;px&quot;,&quot;size&quot;:150,&quot;sizes&quot;:[]},&quot;ideal_row_height_mobile&quot;:{&quot;unit&quot;:&quot;px&quot;,&quot;size&quot;:150,&quot;sizes&quot;:[]},&quot;gap&quot;:{&quot;unit&quot;:&quot;px&quot;,&quot;size&quot;:10,&quot;sizes&quot;:[]},&quot;gap_tablet&quot;:{&quot;unit&quot;:&quot;px&quot;,&quot;size&quot;:10,&quot;sizes&quot;:[]},&quot;gap_mobile&quot;:{&quot;unit&quot;:&quot;px&quot;,&quot;size&quot;:10,&quot;sizes&quot;:[]},&quot;link_to&quot;:&quot;file&quot;,&quot;overlay_background&quot;:&quot;yes&quot;,&quot;content_hover_animation&quot;:&quot;fade-in&quot;}\" data-widget_type=\"gallery.default\">\n\t\t\t\t<div class=\"elementor-widget-container\">\n\t\t\t\t\t\t\t<div class=\"elementor-gallery__container\">\n\t\t\t\t\t\t\t<a class=\"e-gallery-item elementor-gallery-item elementor-animated-content\" href=\"https:\/\/www.marclabarbe.com\/wp-content\/uploads\/2025\/04\/violon-francais.webp\" data-elementor-open-lightbox=\"yes\" data-elementor-lightbox-slideshow=\"35a9acb\" data-elementor-lightbox-title=\"Violon fran\u00e7ais fait vers 1890-1900\" data-elementor-lightbox-description=\"cassure de table, instrument pr\u00e9sent\u00e9 d\u00e9tabl\u00e9, vernis possiblement retouch\u00e9, assez bon \u00e9tat, portant \u00e9tiquette apocryphe &quot; Leopold Widhalm Nuremberg 1769&quot;,359mm - accompagn\u00e9 d&#039;un archet endommag\u00e9 hause et bouton mont\u00e9 argent sign\u00e9 &quot;Boulangeot \u00e0 Lyon&quot;. Adjug\u00e9 \u00e0 3100 euros\" data-e-action-hash=\"#elementor-action%3Aaction%3Dlightbox%26settings%3DeyJpZCI6NjI0NzYsInVybCI6Imh0dHBzOlwvXC93d3cubWFyY2xhYmFyYmUuY29tXC93cC1jb250ZW50XC91cGxvYWRzXC8yMDI1XC8wNFwvdmlvbG9uLWZyYW5jYWlzLndlYnAiLCJzbGlkZXNob3ciOiIzNWE5YWNiIn0%3D\">\n\t\t\t\t\t<div class=\"e-gallery-image elementor-gallery-item__image\" data-thumbnail=\"https:\/\/www.marclabarbe.com\/wp-content\/uploads\/2025\/04\/violon-francais-532x800.webp\" data-width=\"532\" data-height=\"800\" aria-label=\"French violin made around 1890-1900, broken top, instrument presented without top, varnish possibly retouched, fairly good condition, bearing apocryphal label &quot;Leopold Widhalm Nuremberg 1769&quot;, 359mm - accompanied by a damaged bow and silver-mounted button signed &quot;Boulangeot \u00e0 Lyon&quot;.\" role=\"img\" ><\/div>\n\t\t\t\t\t\t\t\t\t\t\t<div class=\"elementor-gallery-item__overlay\"><\/div>\n\t\t\t\t\t\t\t\t\t\t\t\t\t\t<\/a>\n\t\t\t\t\t\t\t<a class=\"e-gallery-item elementor-gallery-item elementor-animated-content\" href=\"https:\/\/www.marclabarbe.com\/wp-content\/uploads\/2025\/04\/flute.webp\" data-elementor-open-lightbox=\"yes\" data-elementor-lightbox-slideshow=\"35a9acb\" data-elementor-lightbox-title=\"Fl\u00fbte en argent syst\u00e8me Boehm\" data-elementor-lightbox-description=\"marqu\u00e9e sur la t\u00eate: &quot; L. L. \/ LOUIS-LOT \/ PARIS \/ 2366 \/ BREVETE &quot; et sur le corps: &quot; L. L. \/ LOUIS-LOT \/ PARIS&quot;. Clef de correspondance de SIb index MD. Poin\u00e7ons de garantie. Fait \u00e0 Paris en 1877 \u00e9poque VILETTE (Tula Giannini). Adjug\u00e9 \u00e0 7200 euros\" data-e-action-hash=\"#elementor-action%3Aaction%3Dlightbox%26settings%3DeyJpZCI6NjI0NjYsInVybCI6Imh0dHBzOlwvXC93d3cubWFyY2xhYmFyYmUuY29tXC93cC1jb250ZW50XC91cGxvYWRzXC8yMDI1XC8wNFwvZmx1dGUud2VicCIsInNsaWRlc2hvdyI6IjM1YTlhY2IifQ%3D%3D\">\n\t\t\t\t\t<div class=\"e-gallery-image elementor-gallery-item__image\" data-thumbnail=\"https:\/\/www.marclabarbe.com\/wp-content\/uploads\/2025\/04\/flute-800x300.webp\" data-width=\"800\" data-height=\"300\" aria-label=\"Silver flute, Boehm system, marked on the head: &quot;LL \/ LOUIS-LOT \/ PARIS \/ 2366 \/ BREVETE&quot; and on the body: &quot;LL \/ LOUIS-LOT \/ PARIS&quot;. Correspondence key of Bb index MD. Guarantee hallmarks. Made in Paris in 1877, VILETTE period (Tula Giannini). 7,200 euros\" role=\"img\" ><\/div>\n\t\t\t\t\t\t\t\t\t\t\t<div class=\"elementor-gallery-item__overlay\"><\/div>\n\t\t\t\t\t\t\t\t\t\t\t\t\t\t<\/a>\n\t\t\t\t\t\t\t<a class=\"e-gallery-item elementor-gallery-item elementor-animated-content\" href=\"https:\/\/www.marclabarbe.com\/wp-content\/uploads\/2025\/05\/171533_474182980_ed4d696bdd4bd22fd43edd60820bcdee-1.webp\" data-elementor-open-lightbox=\"yes\" data-elementor-lightbox-slideshow=\"35a9acb\" data-elementor-lightbox-title=\"Archet de violon de C\u00e9lestin Emile Clasquin\" data-elementor-lightbox-description=\"ait vers 1920, mont\u00e9 maillechort. 55grs. Sans m\u00e9che et garniture l\u00e9g\u00e8re, sign\u00e9 &quot;C.Clasquin.Paris&quot;. Baguette octogonale en pernambouc 73cm. Petit coup sur arr\u00eate devant t\u00eate. Bon \u00e9tat. adjug\u00e9 \u00e0 1000 euros\" data-e-action-hash=\"#elementor-action%3Aaction%3Dlightbox%26settings%3DeyJpZCI6NjI3MTAsInVybCI6Imh0dHBzOlwvXC93d3cubWFyY2xhYmFyYmUuY29tXC93cC1jb250ZW50XC91cGxvYWRzXC8yMDI1XC8wNVwvMTcxNTMzXzQ3NDE4Mjk4MF9lZDRkNjk2YmRkNGJkMjJmZDQzZWRkNjA4MjBiY2RlZS0xLndlYnAiLCJzbGlkZXNob3ciOiIzNWE5YWNiIn0%3D\">\n\t\t\t\t\t<div class=\"e-gallery-image elementor-gallery-item__image\" data-thumbnail=\"https:\/\/www.marclabarbe.com\/wp-content\/uploads\/2025\/05\/171533_474182980_ed4d696bdd4bd22fd43edd60820bcdee-1-800x533.webp\" data-width=\"800\" data-height=\"533\" aria-label=\"Violin bow by C\u00e9lestin Emile Clasquin made around 1920, mounted in nickel silver. 55g. Without wick and lightly padded, signed &quot;C.Clasquin.Paris&quot;. Octagonal pernambuco stick 73cm. Small dent on the edge in front of the head. Good condition. 1000 EURO\" role=\"img\" ><\/div>\n\t\t\t\t\t\t\t\t\t\t\t<div class=\"elementor-gallery-item__overlay\"><\/div>\n\t\t\t\t\t\t\t\t\t\t\t\t\t\t<\/a>\n\t\t\t\t\t<\/div>\n\t\t\t\t\t<\/div>\n\t\t\t\t<\/div>\n\t\t\t\t\t<\/div>\n\t\t<\/div>\n\t\t\t\t\t<\/div>\n\t\t<\/section>\n\t\t\t\t<section class=\"elementor-section elementor-top-section elementor-element elementor-element-6063bd49 elementor-section-boxed elementor-section-height-default elementor-section-height-default\" data-id=\"6063bd49\" data-element_type=\"section\">\n\t\t\t\t\t\t<div class=\"elementor-container elementor-column-gap-default\">\n\t\t\t\t\t<div class=\"elementor-column elementor-col-100 elementor-top-column elementor-element elementor-element-79962471\" data-id=\"79962471\" data-element_type=\"column\">\n\t\t\t<div class=\"elementor-widget-wrap elementor-element-populated\">\n\t\t\t\t\t\t<div class=\"elementor-element elementor-element-a2b76d1 elementor-widget elementor-widget-heading\" data-id=\"a2b76d1\" data-element_type=\"widget\" data-widget_type=\"heading.default\">\n\t\t\t\t<div class=\"elementor-widget-container\">\n\t\t\t\t\t<h2 class=\"elementor-heading-title elementor-size-default\">Why sell your musical instruments at auction? <\/h2>\t\t\t\t<\/div>\n\t\t\t\t<\/div>\n\t\t\t\t<div class=\"elementor-element elementor-element-5d6354d5 elementor-widget elementor-widget-toggle\" data-id=\"5d6354d5\" data-element_type=\"widget\" data-widget_type=\"toggle.default\">\n\t\t\t\t<div class=\"elementor-widget-container\">\n\t\t\t\t\t\t\t<div class=\"elementor-toggle\">\n\t\t\t\t\t\t\t<div class=\"elementor-toggle-item\">\n\t\t\t\t\t<div id=\"elementor-tab-title-1561\" class=\"elementor-tab-title\" data-tab=\"1\" role=\"button\" aria-controls=\"elementor-tab-content-1561\" aria-expanded=\"false\">\n\t\t\t\t\t\t\t\t\t\t\t\t<span class=\"elementor-toggle-icon elementor-toggle-icon-left\" aria-hidden=\"true\">\n\t\t\t\t\t\t\t\t\t\t\t\t\t\t\t<span class=\"elementor-toggle-icon-closed\"><i class=\"fas fa-caret-right\"><\/i><\/span>\n\t\t\t\t\t\t\t\t<span class=\"elementor-toggle-icon-opened\"><i class=\"elementor-toggle-icon-opened fas fa-caret-up\"><\/i><\/span>\n\t\t\t\t\t\t\t\t\t\t\t\t\t<\/span>\n\t\t\t\t\t\t\t\t\t\t\t\t<a class=\"elementor-toggle-title\" tabindex=\"0\">1. International visibility:<\/a>\n\t\t\t\t\t<\/div>\n\n\t\t\t\t\t<div id=\"elementor-tab-content-1561\" class=\"elementor-tab-content elementor-clearfix\" data-tab=\"1\" role=\"region\" aria-labelledby=\"elementor-tab-title-1561\"><p><span class=\"TextRun SCXW19383723 BCX0\" lang=\"FR-FR\" xml:lang=\"FR-FR\" data-contrast=\"auto\"><span class=\"NormalTextRun SCXW19383723 BCX0\">Our sales attract buyers from all over the world, whether they are collectors, professional musicians or investors.\u00a0<\/span><\/span><span class=\"EOP SCXW19383723 BCX0\" data-ccp-props=\"{&quot;134233117&quot;:true,&quot;134233118&quot;:true,&quot;201341983&quot;:0,&quot;335559740&quot;:240}\">\u00a0<\/span><\/p><\/div>\n\t\t\t\t<\/div>\n\t\t\t\t\t\t\t<div class=\"elementor-toggle-item\">\n\t\t\t\t\t<div id=\"elementor-tab-title-1562\" class=\"elementor-tab-title\" data-tab=\"2\" role=\"button\" aria-controls=\"elementor-tab-content-1562\" aria-expanded=\"false\">\n\t\t\t\t\t\t\t\t\t\t\t\t<span class=\"elementor-toggle-icon elementor-toggle-icon-left\" aria-hidden=\"true\">\n\t\t\t\t\t\t\t\t\t\t\t\t\t\t\t<span class=\"elementor-toggle-icon-closed\"><i class=\"fas fa-caret-right\"><\/i><\/span>\n\t\t\t\t\t\t\t\t<span class=\"elementor-toggle-icon-opened\"><i class=\"elementor-toggle-icon-opened fas fa-caret-up\"><\/i><\/span>\n\t\t\t\t\t\t\t\t\t\t\t\t\t<\/span>\n\t\t\t\t\t\t\t\t\t\t\t\t<a class=\"elementor-toggle-title\" tabindex=\"0\">2. A fair and transparent price: <\/a>\n\t\t\t\t\t<\/div>\n\n\t\t\t\t\t<div id=\"elementor-tab-content-1562\" class=\"elementor-tab-content elementor-clearfix\" data-tab=\"2\" role=\"region\" aria-labelledby=\"elementor-tab-title-1562\"><p><span class=\"TextRun SCXW88707474 BCX0\" lang=\"FR-FR\" xml:lang=\"FR-FR\" data-contrast=\"auto\"><span class=\"NormalTextRun SCXW88707474 BCX0\">The auction system guarantees that you&#039;ll get the best price for your instruments. Our expert musical instrument auctioneers will ensure that each lot is optimally appraised and valued.<\/span><\/span><\/p><\/div>\n\t\t\t\t<\/div>\n\t\t\t\t\t\t\t<div class=\"elementor-toggle-item\">\n\t\t\t\t\t<div id=\"elementor-tab-title-1563\" class=\"elementor-tab-title\" data-tab=\"3\" role=\"button\" aria-controls=\"elementor-tab-content-1563\" aria-expanded=\"false\">\n\t\t\t\t\t\t\t\t\t\t\t\t<span class=\"elementor-toggle-icon elementor-toggle-icon-left\" aria-hidden=\"true\">\n\t\t\t\t\t\t\t\t\t\t\t\t\t\t\t<span class=\"elementor-toggle-icon-closed\"><i class=\"fas fa-caret-right\"><\/i><\/span>\n\t\t\t\t\t\t\t\t<span class=\"elementor-toggle-icon-opened\"><i class=\"elementor-toggle-icon-opened fas fa-caret-up\"><\/i><\/span>\n\t\t\t\t\t\t\t\t\t\t\t\t\t<\/span>\n\t\t\t\t\t\t\t\t\t\t\t\t<a class=\"elementor-toggle-title\" tabindex=\"0\">3. Expertise and personalized advice: <\/a>\n\t\t\t\t\t<\/div>\n\n\t\t\t\t\t<div id=\"elementor-tab-content-1563\" class=\"elementor-tab-content elementor-clearfix\" data-tab=\"3\" role=\"region\" aria-labelledby=\"elementor-tab-title-1563\"><p><span class=\"TextRun SCXW152284764 BCX0\" lang=\"FR-FR\" xml:lang=\"FR-FR\" data-contrast=\"auto\"><span class=\"NormalTextRun SCXW152284764 BCX0\">Our musical instrument specialists are available to provide advice on selling, valuing and presenting your pieces.\u00a0<\/span><\/span><span class=\"EOP SCXW152284764 BCX0\" data-ccp-props=\"{&quot;134233117&quot;:true,&quot;134233118&quot;:true,&quot;201341983&quot;:0,&quot;335559740&quot;:240}\">\u00a0<\/span><\/p><\/div>\n\t\t\t\t<\/div>\n\t\t\t\t\t\t\t<div class=\"elementor-toggle-item\">\n\t\t\t\t\t<div id=\"elementor-tab-title-1564\" class=\"elementor-tab-title\" data-tab=\"4\" role=\"button\" aria-controls=\"elementor-tab-content-1564\" aria-expanded=\"false\">\n\t\t\t\t\t\t\t\t\t\t\t\t<span class=\"elementor-toggle-icon elementor-toggle-icon-left\" aria-hidden=\"true\">\n\t\t\t\t\t\t\t\t\t\t\t\t\t\t\t<span class=\"elementor-toggle-icon-closed\"><i class=\"fas fa-caret-right\"><\/i><\/span>\n\t\t\t\t\t\t\t\t<span class=\"elementor-toggle-icon-opened\"><i class=\"elementor-toggle-icon-opened fas fa-caret-up\"><\/i><\/span>\n\t\t\t\t\t\t\t\t\t\t\t\t\t<\/span>\n\t\t\t\t\t\t\t\t\t\t\t\t<a class=\"elementor-toggle-title\" tabindex=\"0\">4. A simple and secure process:<\/a>\n\t\t\t\t\t<\/div>\n\n\t\t\t\t\t<div id=\"elementor-tab-content-1564\" class=\"elementor-tab-content elementor-clearfix\" data-tab=\"4\" role=\"region\" aria-labelledby=\"elementor-tab-title-1564\"><p><span class=\"TextRun SCXW169552914 BCX0\" lang=\"FR-FR\" xml:lang=\"FR-FR\" data-contrast=\"auto\"><span class=\"NormalTextRun SCXW169552914 BCX0\">Auction with <\/span><span class=\"NormalTextRun SCXW169552914 BCX0\">the Auction House <\/span><span class=\"NormalTextRun SCXW169552914 BCX0\">Marc <\/span><span class=\"NormalTextRun SpellingErrorV2Themed SCXW169552914 BCX0\">The beard<\/span><span class=\"NormalTextRun SCXW169552914 BCX0\"> is a transparent and secure way. We handle all aspects of the sale: appraisal, promotion, and sale, so you can sell your instruments with complete confidence.<\/span><\/span><span class=\"EOP SCXW169552914 BCX0\" data-ccp-props=\"{&quot;134233117&quot;:true,&quot;134233118&quot;:true,&quot;201341983&quot;:0,&quot;335559740&quot;:240}\">\u00a0<\/span><\/p><\/div>\n\t\t\t\t<\/div>\n\t\t\t\t\t\t\t\t<\/div>\n\t\t\t\t\t\t<\/div>\n\t\t\t\t<\/div>\n\t\t\t\t<div class=\"elementor-element elementor-element-fde1494 elementor-widget elementor-widget-heading\" data-id=\"fde1494\" data-element_type=\"widget\" data-widget_type=\"heading.default\">\n\t\t\t\t<div class=\"elementor-widget-container\">\n\t\t\t\t\t<h3 class=\"elementor-heading-title elementor-size-default\">What makes your instrument valuable? <\/h3>\t\t\t\t<\/div>\n\t\t\t\t<\/div>\n\t\t\t\t<div class=\"elementor-element elementor-element-091a08b elementor-widget elementor-widget-text-editor\" data-id=\"091a08b\" data-element_type=\"widget\" data-widget_type=\"text-editor.default\">\n\t\t\t\t<div class=\"elementor-widget-container\">\n\t\t\t\t\t\t\t\t\t<p><span data-contrast=\"auto\">The value of a musical instrument can be influenced by several factors: its history, provenance, condition, brand, and age. Our experts will be able to highlight these elements and maximize the value of your instruments.<\/span><span data-ccp-props=\"{&quot;134233117&quot;:true,&quot;134233118&quot;:true}\">\u00a0<\/span><\/p><p><b><span data-contrast=\"auto\">Get your instruments appraised today<\/span><\/b><span data-contrast=\"auto\"> : Contact us to arrange a free, no-obligation appraisal. Our experts will carefully assess the value of your instruments and advise you on the best way to sell them at auction.<\/span><span data-ccp-props=\"{&quot;134233117&quot;:true,&quot;134233118&quot;:true}\">\u00a0<\/span><\/p>\t\t\t\t\t\t\t\t<\/div>\n\t\t\t\t<\/div>\n\t\t\t\t\t<\/div>\n\t\t<\/div>\n\t\t\t\t\t<\/div>\n\t\t<\/section>\n\t\t\t\t<\/div>","protected":false},"excerpt":{"rendered":"<p>Musical Instruments Do you own a rare or valuable musical instrument and want to get the best value for it? Auctioning is the ideal solution to maximize the price of your musical pieces while benefiting from international visibility. At Marc Labarbe, we offer you the opportunity to auction your [\u2026]<\/p>","protected":false},"author":61,"featured_media":27756,"parent":0,"menu_order":0,"comment_status":"closed","ping_status":"closed","template":"","meta":{"_acf_changed":false,"ocean_post_layout":"","ocean_both_sidebars_style":"","ocean_both_sidebars_content_width":0,"ocean_both_sidebars_sidebars_width":0,"ocean_sidebar":"0","ocean_second_sidebar":"0","ocean_disable_margins":"enable","ocean_add_body_class":"","ocean_shortcode_before_top_bar":"","ocean_shortcode_after_top_bar":"","ocean_shortcode_before_header":"","ocean_shortcode_after_header":"","ocean_has_shortcode":"","ocean_shortcode_after_title":"","ocean_shortcode_before_footer_widgets":"","ocean_shortcode_after_footer_widgets":"","ocean_shortcode_before_footer_bottom":"","ocean_shortcode_after_footer_bottom":"","ocean_display_top_bar":"default","ocean_display_header":"default","ocean_header_style":"","ocean_center_header_left_menu":"0","ocean_custom_header_template":"0","ocean_custom_logo":0,"ocean_custom_retina_logo":0,"ocean_custom_logo_max_width":0,"ocean_custom_logo_tablet_max_width":0,"ocean_custom_logo_mobile_max_width":0,"ocean_custom_logo_max_height":0,"ocean_custom_logo_tablet_max_height":0,"ocean_custom_logo_mobile_max_height":0,"ocean_header_custom_menu":"0","ocean_menu_typo_font_family":"0","ocean_menu_typo_font_subset":"","ocean_menu_typo_font_size":0,"ocean_menu_typo_font_size_tablet":0,"ocean_menu_typo_font_size_mobile":0,"ocean_menu_typo_font_size_unit":"px","ocean_menu_typo_font_weight":"","ocean_menu_typo_font_weight_tablet":"","ocean_menu_typo_font_weight_mobile":"","ocean_menu_typo_transform":"","ocean_menu_typo_transform_tablet":"","ocean_menu_typo_transform_mobile":"","ocean_menu_typo_line_height":0,"ocean_menu_typo_line_height_tablet":0,"ocean_menu_typo_line_height_mobile":0,"ocean_menu_typo_line_height_unit":"","ocean_menu_typo_spacing":0,"ocean_menu_typo_spacing_tablet":0,"ocean_menu_typo_spacing_mobile":0,"ocean_menu_typo_spacing_unit":"","ocean_menu_link_color":"","ocean_menu_link_color_hover":"","ocean_menu_link_color_active":"","ocean_menu_link_background":"","ocean_menu_link_hover_background":"","ocean_menu_link_active_background":"","ocean_menu_social_links_bg":"","ocean_menu_social_hover_links_bg":"","ocean_menu_social_links_color":"","ocean_menu_social_hover_links_color":"","ocean_disable_title":"on","ocean_disable_heading":"default","ocean_post_title":"","ocean_post_subheading":"","ocean_post_title_style":"","ocean_post_title_background_color":"","ocean_post_title_background":0,"ocean_post_title_bg_image_position":"","ocean_post_title_bg_image_attachment":"","ocean_post_title_bg_image_repeat":"","ocean_post_title_bg_image_size":"","ocean_post_title_height":0,"ocean_post_title_bg_overlay":0.5,"ocean_post_title_bg_overlay_color":"","ocean_disable_breadcrumbs":"default","ocean_breadcrumbs_color":"","ocean_breadcrumbs_separator_color":"","ocean_breadcrumbs_links_color":"","ocean_breadcrumbs_links_hover_color":"","ocean_display_footer_widgets":"default","ocean_display_footer_bottom":"default","ocean_custom_footer_template":"0","omw_enable_modal_window":"enable","footnotes":""},"class_list":["post-62137","page","type-page","status-publish","has-post-thumbnail","hentry","entry","has-media"],"acf":[],"jetpack_sharing_enabled":true,"publishpress_future_action":{"enabled":false,"date":"2026-05-06 17:13:48","action":"change-status","newStatus":"draft","terms":[],"taxonomy":"","extraData":[]},"publishpress_future_workflow_manual_trigger":{"enabledWorkflows":[]},"_links":{"self":[{"href":"https:\/\/www.marclabarbe.com\/en\/wp-json\/wp\/v2\/pages\/62137","targetHints":{"allow":["GET"]}}],"collection":[{"href":"https:\/\/www.marclabarbe.com\/en\/wp-json\/wp\/v2\/pages"}],"about":[{"href":"https:\/\/www.marclabarbe.com\/en\/wp-json\/wp\/v2\/types\/page"}],"author":[{"embeddable":true,"href":"https:\/\/www.marclabarbe.com\/en\/wp-json\/wp\/v2\/users\/61"}],"replies":[{"embeddable":true,"href":"https:\/\/www.marclabarbe.com\/en\/wp-json\/wp\/v2\/comments?post=62137"}],"version-history":[{"count":23,"href":"https:\/\/www.marclabarbe.com\/en\/wp-json\/wp\/v2\/pages\/62137\/revisions"}],"predecessor-version":[{"id":62713,"href":"https:\/\/www.marclabarbe.com\/en\/wp-json\/wp\/v2\/pages\/62137\/revisions\/62713"}],"wp:featuredmedia":[{"embeddable":true,"href":"https:\/\/www.marclabarbe.com\/en\/wp-json\/wp\/v2\/media\/27756"}],"wp:attachment":[{"href":"https:\/\/www.marclabarbe.com\/en\/wp-json\/wp\/v2\/media?parent=62137"}],"curies":[{"name":"wp","href":"https:\/\/api.w.org\/{rel}","templated":true}]}}