{"id":62129,"date":"2025-04-24T15:55:07","date_gmt":"2025-04-24T14:55:07","guid":{"rendered":"https:\/\/www.marclabarbe.com\/?page_id=62129"},"modified":"2025-05-05T17:03:23","modified_gmt":"2025-05-05T16:03:23","slug":"militaria","status":"publish","type":"page","link":"https:\/\/www.marclabarbe.com\/en\/militaria\/","title":{"rendered":"Militaria"},"content":{"rendered":"<div data-elementor-type=\"wp-page\" data-elementor-id=\"62129\" class=\"elementor elementor-62129\" data-elementor-post-type=\"page\">\n\t\t\t\t\t\t<section class=\"elementor-section elementor-top-section elementor-element elementor-element-2b7f07c9 elementor-section-boxed elementor-section-height-default elementor-section-height-default\" data-id=\"2b7f07c9\" data-element_type=\"section\">\n\t\t\t\t\t\t<div class=\"elementor-container elementor-column-gap-default\">\n\t\t\t\t\t<div class=\"elementor-column elementor-col-100 elementor-top-column elementor-element elementor-element-3c1ae5aa\" data-id=\"3c1ae5aa\" data-element_type=\"column\">\n\t\t\t<div class=\"elementor-widget-wrap elementor-element-populated\">\n\t\t\t\t\t\t<div class=\"elementor-element elementor-element-5533cdbb elementor-invisible elementor-widget elementor-widget-heading\" data-id=\"5533cdbb\" data-element_type=\"widget\" data-settings=\"{&quot;_animation&quot;:&quot;fadeInUp&quot;}\" data-widget_type=\"heading.default\">\n\t\t\t\t<div class=\"elementor-widget-container\">\n\t\t\t\t\t<h1 class=\"elementor-heading-title elementor-size-default\">Militaria<\/h1>\t\t\t\t<\/div>\n\t\t\t\t<\/div>\n\t\t\t\t<div class=\"elementor-element elementor-element-2dc5c2b7 elementor-widget-divider--view-line elementor-widget elementor-widget-divider\" data-id=\"2dc5c2b7\" data-element_type=\"widget\" data-widget_type=\"divider.default\">\n\t\t\t\t<div class=\"elementor-widget-container\">\n\t\t\t\t\t\t\t<div class=\"elementor-divider\">\n\t\t\t<span class=\"elementor-divider-separator\">\n\t\t\t\t\t\t<\/span>\n\t\t<\/div>\n\t\t\t\t\t\t<\/div>\n\t\t\t\t<\/div>\n\t\t\t\t\t<\/div>\n\t\t<\/div>\n\t\t\t\t\t<\/div>\n\t\t<\/section>\n\t\t\t\t<section class=\"elementor-section elementor-top-section elementor-element elementor-element-49787cd elementor-section-boxed elementor-section-height-default elementor-section-height-default\" data-id=\"49787cd\" data-element_type=\"section\">\n\t\t\t\t\t\t<div class=\"elementor-container elementor-column-gap-default\">\n\t\t\t\t\t<div class=\"elementor-column elementor-col-100 elementor-top-column elementor-element elementor-element-e902dd3\" data-id=\"e902dd3\" data-element_type=\"column\">\n\t\t\t<div class=\"elementor-widget-wrap elementor-element-populated\">\n\t\t\t\t\t\t<div class=\"elementor-element elementor-element-fef1483 elementor-widget elementor-widget-text-editor\" data-id=\"fef1483\" data-element_type=\"widget\" data-widget_type=\"text-editor.default\">\n\t\t\t\t<div class=\"elementor-widget-container\">\n\t\t\t\t\t\t\t\t\t<p><span data-contrast=\"auto\">We have the honor of regularly auctioning collections of antique weapons, and we enjoy the trust of many passionate collectors.<\/span><span data-ccp-props=\"{&quot;134233117&quot;:false,&quot;134233118&quot;:false,&quot;335559738&quot;:240,&quot;335559739&quot;:240}\">\u00a0<\/span><\/p><p><span data-contrast=\"auto\">We are at your disposal to carry out, as <\/span><b><span data-contrast=\"auto\">gracious<\/span><\/b><span data-contrast=\"auto\"> and <\/span><b><span data-contrast=\"auto\">confidential<\/span><\/b><span data-contrast=\"auto\">, the expertise of your objects: sabers, swords, pistols, rifles, powder flasks, uniforms, armor, badges, military medals, etc.<\/span><span data-ccp-props=\"{&quot;134233117&quot;:false,&quot;134233118&quot;:false,&quot;335559738&quot;:240,&quot;335559739&quot;:240}\">\u00a0<\/span><\/p><p><span data-contrast=\"auto\">Your pieces could be included in one of our upcoming <\/span><b><span data-contrast=\"auto\">prestige sales<\/span><\/b><span data-contrast=\"auto\">.<\/span><span data-ccp-props=\"{&quot;134233117&quot;:false,&quot;134233118&quot;:false,&quot;335559738&quot;:240,&quot;335559739&quot;:240}\">\u00a0<\/span><\/p>\t\t\t\t\t\t\t\t<\/div>\n\t\t\t\t<\/div>\n\t\t\t\t<div class=\"elementor-element elementor-element-d4eca41 elementor-widget elementor-widget-heading\" data-id=\"d4eca41\" data-element_type=\"widget\" data-widget_type=\"heading.default\">\n\t\t\t\t<div class=\"elementor-widget-container\">\n\t\t\t\t\t<h3 class=\"elementor-heading-title elementor-size-default\">How do you know the value of your weapons? <\/h3>\t\t\t\t<\/div>\n\t\t\t\t<\/div>\n\t\t\t\t<div class=\"elementor-element elementor-element-1847d28 elementor-widget elementor-widget-text-editor\" data-id=\"1847d28\" data-element_type=\"widget\" data-widget_type=\"text-editor.default\">\n\t\t\t\t<div class=\"elementor-widget-container\">\n\t\t\t\t\t\t\t\t\t<p><span data-contrast=\"auto\">You can first send us a <\/span><b><span data-contrast=\"auto\">email accompanied by detailed photographs<\/span><\/b><span data-contrast=\"auto\"> objects that you wish to have appraised.<\/span><span data-ccp-props=\"{&quot;134233117&quot;:false,&quot;134233118&quot;:false,&quot;335559738&quot;:240,&quot;335559739&quot;:240}\">\u00a0<\/span><\/p><p><span data-contrast=\"auto\">You also have the possibility to come to <\/span><b><span data-contrast=\"auto\">the Auction House<\/span><\/b><span data-contrast=\"auto\">, where our team will carry out an assessment <\/span><b><span data-contrast=\"auto\">free<\/span><\/b><span data-contrast=\"auto\"> and <\/span><b><span data-contrast=\"auto\">confidential<\/span><\/b><span data-contrast=\"auto\"> of your parts.<\/span><span data-ccp-props=\"{&quot;134233117&quot;:false,&quot;134233118&quot;:false,&quot;335559738&quot;:240,&quot;335559739&quot;:240}\">\u00a0<\/span><\/p>\t\t\t\t\t\t\t\t<\/div>\n\t\t\t\t<\/div>\n\t\t\t\t\t<\/div>\n\t\t<\/div>\n\t\t\t\t\t<\/div>\n\t\t<\/section>\n\t\t\t\t<section class=\"elementor-section elementor-top-section elementor-element elementor-element-6af636f elementor-section-boxed elementor-section-height-default elementor-section-height-default\" data-id=\"6af636f\" data-element_type=\"section\">\n\t\t\t\t\t\t<div class=\"elementor-container elementor-column-gap-default\">\n\t\t\t\t\t<div class=\"elementor-column elementor-col-100 elementor-top-column elementor-element elementor-element-f0d4879\" data-id=\"f0d4879\" data-element_type=\"column\">\n\t\t\t<div class=\"elementor-widget-wrap elementor-element-populated\">\n\t\t\t\t\t\t<div class=\"elementor-element elementor-element-42cfb8c elementor-widget elementor-widget-gallery\" data-id=\"42cfb8c\" data-element_type=\"widget\" data-settings=\"{&quot;gallery_layout&quot;:&quot;masonry&quot;,&quot;columns&quot;:2,&quot;gap&quot;:{&quot;unit&quot;:&quot;px&quot;,&quot;size&quot;:0,&quot;sizes&quot;:[]},&quot;lazyload&quot;:&quot;yes&quot;,&quot;columns_tablet&quot;:2,&quot;columns_mobile&quot;:1,&quot;gap_tablet&quot;:{&quot;unit&quot;:&quot;px&quot;,&quot;size&quot;:10,&quot;sizes&quot;:[]},&quot;gap_mobile&quot;:{&quot;unit&quot;:&quot;px&quot;,&quot;size&quot;:10,&quot;sizes&quot;:[]},&quot;link_to&quot;:&quot;file&quot;,&quot;overlay_background&quot;:&quot;yes&quot;,&quot;content_hover_animation&quot;:&quot;fade-in&quot;}\" data-widget_type=\"gallery.default\">\n\t\t\t\t<div class=\"elementor-widget-container\">\n\t\t\t\t\t\t\t<div class=\"elementor-gallery__container\">\n\t\t\t\t\t\t\t<a class=\"e-gallery-item elementor-gallery-item elementor-animated-content\" href=\"https:\/\/www.marclabarbe.com\/wp-content\/uploads\/2025\/04\/royaume-de-hollande-ordre-royal.webp\" data-elementor-open-lightbox=\"yes\" data-elementor-lightbox-slideshow=\"42cfb8c\" data-elementor-lightbox-title=\"Royaume de Hollande ordre royal  de Hollande (1807)\" data-elementor-lightbox-description=\"Rare bijou de grand-croix du Baron de S\u00e9n\u00e9gra -Adjug\u00e9 \u00e0 65.000\u20ac  \" data-e-action-hash=\"#elementor-action%3Aaction%3Dlightbox%26settings%3DeyJpZCI6NjI0NzQsInVybCI6Imh0dHBzOlwvXC93d3cubWFyY2xhYmFyYmUuY29tXC93cC1jb250ZW50XC91cGxvYWRzXC8yMDI1XC8wNFwvcm95YXVtZS1kZS1ob2xsYW5kZS1vcmRyZS1yb3lhbC53ZWJwIiwic2xpZGVzaG93IjoiNDJjZmI4YyJ9\">\n\t\t\t\t\t<div class=\"e-gallery-image elementor-gallery-item__image\" data-thumbnail=\"https:\/\/www.marclabarbe.com\/wp-content\/uploads\/2025\/04\/royaume-de-hollande-ordre-royal.webp\" data-width=\"599\" data-height=\"900\" aria-label=\"Kingdom of Holland Royal Order of Holland (1807) - Rare Grand Cross jewel of Baron de S\u00e9n\u00e9gra. Sold for \u20ac65,000.\" role=\"img\" ><\/div>\n\t\t\t\t\t\t\t\t\t\t\t<div class=\"elementor-gallery-item__overlay\"><\/div>\n\t\t\t\t\t\t\t\t\t\t\t\t\t\t<\/a>\n\t\t\t\t\t\t\t<a class=\"e-gallery-item elementor-gallery-item elementor-animated-content\" href=\"https:\/\/www.marclabarbe.com\/wp-content\/uploads\/2025\/04\/pologne-virtutti.webp\" data-elementor-open-lightbox=\"yes\" data-elementor-lightbox-slideshow=\"42cfb8c\" data-elementor-lightbox-title=\"Pologne Ordre du Virtuti Militari (1792)\" data-elementor-lightbox-description=\"Petite croix de 4e classe, du 2e type (circa 1807-1831) - Adjug\u00e9 \u00e0 7600\u20ac. \" data-e-action-hash=\"#elementor-action%3Aaction%3Dlightbox%26settings%3DeyJpZCI6NjI0NzEsInVybCI6Imh0dHBzOlwvXC93d3cubWFyY2xhYmFyYmUuY29tXC93cC1jb250ZW50XC91cGxvYWRzXC8yMDI1XC8wNFwvcG9sb2duZS12aXJ0dXR0aS53ZWJwIiwic2xpZGVzaG93IjoiNDJjZmI4YyJ9\">\n\t\t\t\t\t<div class=\"e-gallery-image elementor-gallery-item__image\" data-thumbnail=\"https:\/\/www.marclabarbe.com\/wp-content\/uploads\/2025\/04\/pologne-virtutti.webp\" data-width=\"599\" data-height=\"900\" aria-label=\"\" role=\"img\" ><\/div>\n\t\t\t\t\t\t\t\t\t\t\t<div class=\"elementor-gallery-item__overlay\"><\/div>\n\t\t\t\t\t\t\t\t\t\t\t\t\t\t<\/a>\n\t\t\t\t\t<\/div>\n\t\t\t\t\t<\/div>\n\t\t\t\t<\/div>\n\t\t\t\t\t<\/div>\n\t\t<\/div>\n\t\t\t\t\t<\/div>\n\t\t<\/section>\n\t\t\t\t<\/div>","protected":false},"excerpt":{"rendered":"<p>Militaria We are honored to regularly auction collections of antique weapons and enjoy the trust of many passionate collectors. We are at your disposal to carry out, free of charge and confidentially, the appraisal of your objects: sabers, swords, pistols, rifles, powder flasks, uniforms, armor, badges, military medals, etc. Your pieces could [\u2026]<\/p>","protected":false},"author":61,"featured_media":27756,"parent":0,"menu_order":0,"comment_status":"closed","ping_status":"closed","template":"","meta":{"_acf_changed":false,"ocean_post_layout":"","ocean_both_sidebars_style":"","ocean_both_sidebars_content_width":0,"ocean_both_sidebars_sidebars_width":0,"ocean_sidebar":"0","ocean_second_sidebar":"0","ocean_disable_margins":"enable","ocean_add_body_class":"","ocean_shortcode_before_top_bar":"","ocean_shortcode_after_top_bar":"","ocean_shortcode_before_header":"","ocean_shortcode_after_header":"","ocean_has_shortcode":"","ocean_shortcode_after_title":"","ocean_shortcode_before_footer_widgets":"","ocean_shortcode_after_footer_widgets":"","ocean_shortcode_before_footer_bottom":"","ocean_shortcode_after_footer_bottom":"","ocean_display_top_bar":"default","ocean_display_header":"default","ocean_header_style":"","ocean_center_header_left_menu":"0","ocean_custom_header_template":"0","ocean_custom_logo":0,"ocean_custom_retina_logo":0,"ocean_custom_logo_max_width":0,"ocean_custom_logo_tablet_max_width":0,"ocean_custom_logo_mobile_max_width":0,"ocean_custom_logo_max_height":0,"ocean_custom_logo_tablet_max_height":0,"ocean_custom_logo_mobile_max_height":0,"ocean_header_custom_menu":"0","ocean_menu_typo_font_family":"0","ocean_menu_typo_font_subset":"","ocean_menu_typo_font_size":0,"ocean_menu_typo_font_size_tablet":0,"ocean_menu_typo_font_size_mobile":0,"ocean_menu_typo_font_size_unit":"px","ocean_menu_typo_font_weight":"","ocean_menu_typo_font_weight_tablet":"","ocean_menu_typo_font_weight_mobile":"","ocean_menu_typo_transform":"","ocean_menu_typo_transform_tablet":"","ocean_menu_typo_transform_mobile":"","ocean_menu_typo_line_height":0,"ocean_menu_typo_line_height_tablet":0,"ocean_menu_typo_line_height_mobile":0,"ocean_menu_typo_line_height_unit":"","ocean_menu_typo_spacing":0,"ocean_menu_typo_spacing_tablet":0,"ocean_menu_typo_spacing_mobile":0,"ocean_menu_typo_spacing_unit":"","ocean_menu_link_color":"","ocean_menu_link_color_hover":"","ocean_menu_link_color_active":"","ocean_menu_link_background":"","ocean_menu_link_hover_background":"","ocean_menu_link_active_background":"","ocean_menu_social_links_bg":"","ocean_menu_social_hover_links_bg":"","ocean_menu_social_links_color":"","ocean_menu_social_hover_links_color":"","ocean_disable_title":"on","ocean_disable_heading":"default","ocean_post_title":"","ocean_post_subheading":"","ocean_post_title_style":"","ocean_post_title_background_color":"","ocean_post_title_background":0,"ocean_post_title_bg_image_position":"","ocean_post_title_bg_image_attachment":"","ocean_post_title_bg_image_repeat":"","ocean_post_title_bg_image_size":"","ocean_post_title_height":0,"ocean_post_title_bg_overlay":0.5,"ocean_post_title_bg_overlay_color":"","ocean_disable_breadcrumbs":"default","ocean_breadcrumbs_color":"","ocean_breadcrumbs_separator_color":"","ocean_breadcrumbs_links_color":"","ocean_breadcrumbs_links_hover_color":"","ocean_display_footer_widgets":"default","ocean_display_footer_bottom":"default","ocean_custom_footer_template":"0","omw_enable_modal_window":"enable","footnotes":""},"class_list":["post-62129","page","type-page","status-publish","has-post-thumbnail","hentry","entry","has-media"],"acf":[],"jetpack_sharing_enabled":true,"publishpress_future_action":{"enabled":false,"date":"2026-05-06 17:12:59","action":"change-status","newStatus":"draft","terms":[],"taxonomy":"","extraData":[]},"publishpress_future_workflow_manual_trigger":{"enabledWorkflows":[]},"_links":{"self":[{"href":"https:\/\/www.marclabarbe.com\/en\/wp-json\/wp\/v2\/pages\/62129","targetHints":{"allow":["GET"]}}],"collection":[{"href":"https:\/\/www.marclabarbe.com\/en\/wp-json\/wp\/v2\/pages"}],"about":[{"href":"https:\/\/www.marclabarbe.com\/en\/wp-json\/wp\/v2\/types\/page"}],"author":[{"embeddable":true,"href":"https:\/\/www.marclabarbe.com\/en\/wp-json\/wp\/v2\/users\/61"}],"replies":[{"embeddable":true,"href":"https:\/\/www.marclabarbe.com\/en\/wp-json\/wp\/v2\/comments?post=62129"}],"version-history":[{"count":23,"href":"https:\/\/www.marclabarbe.com\/en\/wp-json\/wp\/v2\/pages\/62129\/revisions"}],"predecessor-version":[{"id":62735,"href":"https:\/\/www.marclabarbe.com\/en\/wp-json\/wp\/v2\/pages\/62129\/revisions\/62735"}],"wp:featuredmedia":[{"embeddable":true,"href":"https:\/\/www.marclabarbe.com\/en\/wp-json\/wp\/v2\/media\/27756"}],"wp:attachment":[{"href":"https:\/\/www.marclabarbe.com\/en\/wp-json\/wp\/v2\/media?parent=62129"}],"curies":[{"name":"wp","href":"https:\/\/api.w.org\/{rel}","templated":true}]}}