{"id":62117,"date":"2025-04-24T15:42:32","date_gmt":"2025-04-24T14:42:32","guid":{"rendered":"https:\/\/www.marclabarbe.com\/?page_id=62117"},"modified":"2025-05-05T14:36:19","modified_gmt":"2025-05-05T13:36:19","slug":"mode-maroquinerie","status":"publish","type":"page","link":"https:\/\/www.marclabarbe.com\/en\/mode-maroquinerie\/","title":{"rendered":"Fashion \u2013 Leather goods"},"content":{"rendered":"<div data-elementor-type=\"wp-page\" data-elementor-id=\"62117\" class=\"elementor elementor-62117\" data-elementor-post-type=\"page\">\n\t\t\t\t\t\t<section class=\"elementor-section elementor-top-section elementor-element elementor-element-45b8613a elementor-section-boxed elementor-section-height-default elementor-section-height-default\" data-id=\"45b8613a\" data-element_type=\"section\">\n\t\t\t\t\t\t<div class=\"elementor-container elementor-column-gap-default\">\n\t\t\t\t\t<div class=\"elementor-column elementor-col-100 elementor-top-column elementor-element elementor-element-4ea4e280\" data-id=\"4ea4e280\" data-element_type=\"column\">\n\t\t\t<div class=\"elementor-widget-wrap elementor-element-populated\">\n\t\t\t\t\t\t<div class=\"elementor-element elementor-element-75e3f742 elementor-invisible elementor-widget elementor-widget-heading\" data-id=\"75e3f742\" data-element_type=\"widget\" data-settings=\"{&quot;_animation&quot;:&quot;fadeInUp&quot;}\" data-widget_type=\"heading.default\">\n\t\t\t\t<div class=\"elementor-widget-container\">\n\t\t\t\t\t<h1 class=\"elementor-heading-title elementor-size-default\">Fashion \u2013 Leather goods\n<\/h1>\t\t\t\t<\/div>\n\t\t\t\t<\/div>\n\t\t\t\t<div class=\"elementor-element elementor-element-4a725d97 elementor-widget-divider--view-line elementor-widget elementor-widget-divider\" data-id=\"4a725d97\" data-element_type=\"widget\" data-widget_type=\"divider.default\">\n\t\t\t\t<div class=\"elementor-widget-container\">\n\t\t\t\t\t\t\t<div class=\"elementor-divider\">\n\t\t\t<span class=\"elementor-divider-separator\">\n\t\t\t\t\t\t<\/span>\n\t\t<\/div>\n\t\t\t\t\t\t<\/div>\n\t\t\t\t<\/div>\n\t\t\t\t\t<\/div>\n\t\t<\/div>\n\t\t\t\t\t<\/div>\n\t\t<\/section>\n\t\t\t\t<section class=\"elementor-section elementor-top-section elementor-element elementor-element-ebcf96c elementor-section-boxed elementor-section-height-default elementor-section-height-default\" data-id=\"ebcf96c\" data-element_type=\"section\">\n\t\t\t\t\t\t<div class=\"elementor-container elementor-column-gap-default\">\n\t\t\t\t\t<div class=\"elementor-column elementor-col-100 elementor-top-column elementor-element elementor-element-27568ec\" data-id=\"27568ec\" data-element_type=\"column\">\n\t\t\t<div class=\"elementor-widget-wrap elementor-element-populated\">\n\t\t\t\t\t\t<div class=\"elementor-element elementor-element-f29fa1e elementor-widget elementor-widget-text-editor\" data-id=\"f29fa1e\" data-element_type=\"widget\" data-widget_type=\"text-editor.default\">\n\t\t\t\t<div class=\"elementor-widget-container\">\n\t\t\t\t\t\t\t\t\t<p><span data-contrast=\"auto\">Luxury fashion and leather goods are coveted items that attract many bidders to our auctions. Selling your designer items at auction offers you a unique opportunity to maximize their value while benefiting from the visibility of our sales, which are broadcast both in France and internationally.\u00a0<\/span><span data-ccp-props=\"{&quot;134233117&quot;:true,&quot;134233118&quot;:true,&quot;201341983&quot;:0,&quot;335559740&quot;:240}\">\u00a0<\/span><\/p><p><span data-ccp-props=\"{&quot;134233117&quot;:true,&quot;134233118&quot;:true,&quot;201341983&quot;:0,&quot;335559740&quot;:240}\">\u00a0<\/span><\/p><p><span data-contrast=\"auto\">Our luxury fashion and leather goods sales attract a passionate clientele, looking for iconic pieces from brands such as <\/span><b><span data-contrast=\"auto\">Hermes<\/span><\/b><span data-contrast=\"auto\">, <\/span><b><span data-contrast=\"auto\">Chanel<\/span><\/b><span data-contrast=\"auto\">, <\/span><b><span data-contrast=\"auto\">Louis Vuitton, Fendi, Balenciaga,<\/span><\/b> <b><span data-contrast=\"auto\">Gucci<\/span><\/b><span data-contrast=\"auto\"> Or <\/span><b><span data-contrast=\"auto\">Dior<\/span><\/b><span data-contrast=\"auto\">. Whether you own a <\/span><b><span data-contrast=\"auto\">Birkin bag<\/span><\/b><span data-contrast=\"auto\"> in limited edition, a <\/span><b><span data-contrast=\"auto\">Kelly<\/span><\/b><span data-contrast=\"auto\">, the iconic <\/span><b><span data-contrast=\"auto\">Lady Dior,<\/span><\/b><span data-contrast=\"auto\"> A <\/span><b><span data-contrast=\"auto\">bracelet <\/span><\/b><span data-contrast=\"auto\">\u201cgrain of rice\u201d model from<\/span><b><span data-contrast=\"auto\"> Hermes; <\/span><\/b><span data-contrast=\"auto\">Your pieces will be displayed in the best possible conditions to attract the attention of buyers from around the world. Auctions also create a competitive environment, where bidding up the price maximizes the value of your items, ensuring a successful sale.<\/span><span data-ccp-props=\"{&quot;134233117&quot;:true,&quot;134233118&quot;:true,&quot;201341983&quot;:0,&quot;335559740&quot;:240}\">\u00a0<\/span><\/p><p><span data-ccp-props=\"{&quot;134233117&quot;:true,&quot;134233118&quot;:true,&quot;201341983&quot;:0,&quot;335559740&quot;:240}\">\u00a0<\/span><\/p><p><span data-contrast=\"auto\">Additionally, the expertise of our specialists guarantees a fair valuation and careful presentation of each item. We value not only the quality and authenticity of your items, but also their history and rarity. You can therefore shop with complete confidence in our Fashion and Vintage sales.\u00a0<\/span><span data-ccp-props=\"{&quot;134233117&quot;:true,&quot;134233118&quot;:true,&quot;201341983&quot;:0,&quot;335559740&quot;:240}\">\u00a0<\/span><\/p><p><span data-contrast=\"auto\">You can find these little gems in our fashion sales, so ladies, keep an eye on our sales calendar!\u00a0<\/span><span data-ccp-props=\"{&quot;134233117&quot;:true,&quot;134233118&quot;:true,&quot;201341983&quot;:0,&quot;335559740&quot;:240}\">\u00a0<\/span><\/p>\t\t\t\t\t\t\t\t<\/div>\n\t\t\t\t<\/div>\n\t\t\t\t\t<\/div>\n\t\t<\/div>\n\t\t\t\t\t<\/div>\n\t\t<\/section>\n\t\t\t\t<section class=\"elementor-section elementor-top-section elementor-element elementor-element-d04a274 elementor-section-boxed elementor-section-height-default elementor-section-height-default\" data-id=\"d04a274\" data-element_type=\"section\">\n\t\t\t\t\t\t<div class=\"elementor-container elementor-column-gap-default\">\n\t\t\t\t\t<div class=\"elementor-column elementor-col-100 elementor-top-column elementor-element elementor-element-7db7e6c\" data-id=\"7db7e6c\" data-element_type=\"column\">\n\t\t\t<div class=\"elementor-widget-wrap elementor-element-populated\">\n\t\t\t\t\t\t<div class=\"elementor-element elementor-element-76ce167 elementor-widget elementor-widget-gallery\" data-id=\"76ce167\" data-element_type=\"widget\" data-settings=\"{&quot;gallery_layout&quot;:&quot;justified&quot;,&quot;lazyload&quot;:&quot;yes&quot;,&quot;ideal_row_height&quot;:{&quot;unit&quot;:&quot;px&quot;,&quot;size&quot;:200,&quot;sizes&quot;:[]},&quot;ideal_row_height_tablet&quot;:{&quot;unit&quot;:&quot;px&quot;,&quot;size&quot;:150,&quot;sizes&quot;:[]},&quot;ideal_row_height_mobile&quot;:{&quot;unit&quot;:&quot;px&quot;,&quot;size&quot;:150,&quot;sizes&quot;:[]},&quot;gap&quot;:{&quot;unit&quot;:&quot;px&quot;,&quot;size&quot;:10,&quot;sizes&quot;:[]},&quot;gap_tablet&quot;:{&quot;unit&quot;:&quot;px&quot;,&quot;size&quot;:10,&quot;sizes&quot;:[]},&quot;gap_mobile&quot;:{&quot;unit&quot;:&quot;px&quot;,&quot;size&quot;:10,&quot;sizes&quot;:[]},&quot;link_to&quot;:&quot;file&quot;,&quot;overlay_background&quot;:&quot;yes&quot;,&quot;content_hover_animation&quot;:&quot;fade-in&quot;}\" data-widget_type=\"gallery.default\">\n\t\t\t\t<div class=\"elementor-widget-container\">\n\t\t\t\t\t\t\t<div class=\"elementor-gallery__container\">\n\t\t\t\t\t\t\t<a class=\"e-gallery-item elementor-gallery-item elementor-animated-content\" href=\"https:\/\/www.marclabarbe.com\/wp-content\/uploads\/2025\/04\/birkin-hermes.webp\" data-elementor-open-lightbox=\"yes\" data-elementor-lightbox-slideshow=\"76ce167\" data-elementor-lightbox-title=\"HERM\u00c8S, sac birkin 35cm\" data-elementor-lightbox-description=\"togo grain\u00e9 orange, bijourterie en m\u00e9tal dor\u00e9, cadenas et clefs sous clochette. Bonne tenue et tr\u00e8s bon \u00e9tat g\u00e9n\u00e9ral quelques l\u00e9g\u00e8res usures aux angles et aux anses. Deux Infimes traces \u00e0 l&#039;int\u00e9rieur. Dimensions : Hauteur 24cm Longueur 35cm Profondeur 18cm. Vendu avec son dustbag et sa boite d&#039;origine\" data-e-action-hash=\"#elementor-action%3Aaction%3Dlightbox%26settings%3DeyJpZCI6NjI0OTgsInVybCI6Imh0dHBzOlwvXC93d3cubWFyY2xhYmFyYmUuY29tXC93cC1jb250ZW50XC91cGxvYWRzXC8yMDI1XC8wNFwvYmlya2luLWhlcm1lcy53ZWJwIiwic2xpZGVzaG93IjoiNzZjZTE2NyJ9\">\n\t\t\t\t\t<div class=\"e-gallery-image elementor-gallery-item__image\" data-thumbnail=\"https:\/\/www.marclabarbe.com\/wp-content\/uploads\/2025\/04\/birkin-hermes-800x533.webp\" data-width=\"800\" data-height=\"533\" aria-label=\"HERM\u00c8S Birkin bag, 35cm, orange grained togo leather, gold-tone hardware, padlock and keys in a clochette. In good condition overall, with some minor wear to the corners and handles. Two tiny marks inside. Dimensions: Height 24cm, Length 35cm, Depth 18cm. Sold with its dust bag and original box.\" role=\"img\" ><\/div>\n\t\t\t\t\t\t\t\t\t\t\t<div class=\"elementor-gallery-item__overlay\"><\/div>\n\t\t\t\t\t\t\t\t\t\t\t\t\t\t<\/a>\n\t\t\t\t\t\t\t<a class=\"e-gallery-item elementor-gallery-item elementor-animated-content\" href=\"https:\/\/www.marclabarbe.com\/wp-content\/uploads\/2025\/04\/constance.webp\" data-elementor-open-lightbox=\"yes\" data-elementor-lightbox-slideshow=\"76ce167\" data-elementor-lightbox-title=\"HERM\u00c9S, sac mod\u00e8le &quot;Constance&quot; box noir\" data-elementor-lightbox-description=\"bijouterie en m\u00e9tal dor\u00e9, bandouli\u00e8re en cuir noir, une poche plaqu\u00e9e au dos et deux \u00e0 l&#039;int\u00e9rieur dont une zipp\u00e9e, Sigle HERM\u00c8S Paris, en lettres dor\u00e9es. Bon \u00e9tat d&#039;usage petites griffures sur la dorure, et usures sur la bandouli\u00e8re recousue, belle patine d&#039;usage. Dimensions : Hauteur 17 cm, Largeur 23cm, Profondeur 5cm. \" data-e-action-hash=\"#elementor-action%3Aaction%3Dlightbox%26settings%3DeyJpZCI6NjI1MDEsInVybCI6Imh0dHBzOlwvXC93d3cubWFyY2xhYmFyYmUuY29tXC93cC1jb250ZW50XC91cGxvYWRzXC8yMDI1XC8wNFwvY29uc3RhbmNlLndlYnAiLCJzbGlkZXNob3ciOiI3NmNlMTY3In0%3D\">\n\t\t\t\t\t<div class=\"e-gallery-image elementor-gallery-item__image\" data-thumbnail=\"https:\/\/www.marclabarbe.com\/wp-content\/uploads\/2025\/04\/constance-602x800.webp\" data-width=\"602\" data-height=\"800\" aria-label=\"HERM\u00c8S, &quot;Constance&quot; model bag in black box leather, gold-tone hardware, black leather shoulder strap, one slip pocket on the back and two inside, one with a zipper, HERM\u00c8S Paris logo in gold lettering. Good condition with minor scratches on the gold hardware and wear to the re-stitched shoulder strap; attractive patina from use. Dimensions: Height 17 cm, Width 23 cm, Depth 5 cm.\" role=\"img\" ><\/div>\n\t\t\t\t\t\t\t\t\t\t\t<div class=\"elementor-gallery-item__overlay\"><\/div>\n\t\t\t\t\t\t\t\t\t\t\t\t\t\t<\/a>\n\t\t\t\t\t\t\t<a class=\"e-gallery-item elementor-gallery-item elementor-animated-content\" href=\"https:\/\/www.marclabarbe.com\/wp-content\/uploads\/2025\/04\/timeless.webp\" data-elementor-open-lightbox=\"yes\" data-elementor-lightbox-slideshow=\"76ce167\" data-elementor-lightbox-title=\"CHANEL sac \u00e0 main mod\u00e8le&quot;Timeless full flap&quot;\" data-elementor-lightbox-description=\"Cuir d&#039;agneau noir matelass\u00e9, double C dor\u00e9 sur le rabat, int\u00e9rieur rouge, poche avec fermeture \u00e9clair, sigle dor\u00e9 Chanel Made in France. Circa ann\u00e9e 1993, tr\u00e8s bon \u00e9tat d&#039;usage, malgr\u00e9 quelques l\u00e9g\u00e8res marques. Vendu avec sa boite d&#039;origine, CHANEL, 42 Avenue Montaigne, ses rubans et son certificat d&#039;authenticit\u00e9. \" data-e-action-hash=\"#elementor-action%3Aaction%3Dlightbox%26settings%3DeyJpZCI6NjI0NjIsInVybCI6Imh0dHBzOlwvXC93d3cubWFyY2xhYmFyYmUuY29tXC93cC1jb250ZW50XC91cGxvYWRzXC8yMDI1XC8wNFwvdGltZWxlc3Mud2VicCIsInNsaWRlc2hvdyI6Ijc2Y2UxNjcifQ%3D%3D\">\n\t\t\t\t\t<div class=\"e-gallery-image elementor-gallery-item__image\" data-thumbnail=\"https:\/\/www.marclabarbe.com\/wp-content\/uploads\/2025\/04\/timeless-800x533.webp\" data-width=\"800\" data-height=\"533\" aria-label=\"CHANEL &quot;Timeless full flap&quot; handbag, quilted black lambskin leather, gold double C on the flap, red interior, zip pocket, gold Chanel logo, Made in France. Circa 1993, very good condition, despite a few minor marks. Sold with its original box, CHANEL, 42 Avenue Montaigne, ribbons, and certificate of authenticity.\" role=\"img\" ><\/div>\n\t\t\t\t\t\t\t\t\t\t\t<div class=\"elementor-gallery-item__overlay\"><\/div>\n\t\t\t\t\t\t\t\t\t\t\t\t\t\t<\/a>\n\t\t\t\t\t<\/div>\n\t\t\t\t\t<\/div>\n\t\t\t\t<\/div>\n\t\t\t\t\t<\/div>\n\t\t<\/div>\n\t\t\t\t\t<\/div>\n\t\t<\/section>\n\t\t\t\t<\/div>","protected":false},"excerpt":{"rendered":"<p>Fashion \u2013 Leather Goods Luxury fashion and leather goods are coveted items that attract many bidders to our sales. Selling your designer items at auction therefore offers you a unique opportunity to value them at their fair price, while benefiting from the visibility of our sales broadcast in [\u2026]<\/p>","protected":false},"author":61,"featured_media":27756,"parent":0,"menu_order":0,"comment_status":"closed","ping_status":"closed","template":"","meta":{"_acf_changed":false,"ocean_post_layout":"","ocean_both_sidebars_style":"","ocean_both_sidebars_content_width":0,"ocean_both_sidebars_sidebars_width":0,"ocean_sidebar":"0","ocean_second_sidebar":"0","ocean_disable_margins":"enable","ocean_add_body_class":"","ocean_shortcode_before_top_bar":"","ocean_shortcode_after_top_bar":"","ocean_shortcode_before_header":"","ocean_shortcode_after_header":"","ocean_has_shortcode":"","ocean_shortcode_after_title":"","ocean_shortcode_before_footer_widgets":"","ocean_shortcode_after_footer_widgets":"","ocean_shortcode_before_footer_bottom":"","ocean_shortcode_after_footer_bottom":"","ocean_display_top_bar":"default","ocean_display_header":"default","ocean_header_style":"","ocean_center_header_left_menu":"0","ocean_custom_header_template":"0","ocean_custom_logo":0,"ocean_custom_retina_logo":0,"ocean_custom_logo_max_width":0,"ocean_custom_logo_tablet_max_width":0,"ocean_custom_logo_mobile_max_width":0,"ocean_custom_logo_max_height":0,"ocean_custom_logo_tablet_max_height":0,"ocean_custom_logo_mobile_max_height":0,"ocean_header_custom_menu":"0","ocean_menu_typo_font_family":"0","ocean_menu_typo_font_subset":"","ocean_menu_typo_font_size":0,"ocean_menu_typo_font_size_tablet":0,"ocean_menu_typo_font_size_mobile":0,"ocean_menu_typo_font_size_unit":"px","ocean_menu_typo_font_weight":"","ocean_menu_typo_font_weight_tablet":"","ocean_menu_typo_font_weight_mobile":"","ocean_menu_typo_transform":"","ocean_menu_typo_transform_tablet":"","ocean_menu_typo_transform_mobile":"","ocean_menu_typo_line_height":0,"ocean_menu_typo_line_height_tablet":0,"ocean_menu_typo_line_height_mobile":0,"ocean_menu_typo_line_height_unit":"","ocean_menu_typo_spacing":0,"ocean_menu_typo_spacing_tablet":0,"ocean_menu_typo_spacing_mobile":0,"ocean_menu_typo_spacing_unit":"","ocean_menu_link_color":"","ocean_menu_link_color_hover":"","ocean_menu_link_color_active":"","ocean_menu_link_background":"","ocean_menu_link_hover_background":"","ocean_menu_link_active_background":"","ocean_menu_social_links_bg":"","ocean_menu_social_hover_links_bg":"","ocean_menu_social_links_color":"","ocean_menu_social_hover_links_color":"","ocean_disable_title":"on","ocean_disable_heading":"default","ocean_post_title":"","ocean_post_subheading":"","ocean_post_title_style":"","ocean_post_title_background_color":"","ocean_post_title_background":0,"ocean_post_title_bg_image_position":"","ocean_post_title_bg_image_attachment":"","ocean_post_title_bg_image_repeat":"","ocean_post_title_bg_image_size":"","ocean_post_title_height":0,"ocean_post_title_bg_overlay":0.5,"ocean_post_title_bg_overlay_color":"","ocean_disable_breadcrumbs":"default","ocean_breadcrumbs_color":"","ocean_breadcrumbs_separator_color":"","ocean_breadcrumbs_links_color":"","ocean_breadcrumbs_links_hover_color":"","ocean_display_footer_widgets":"default","ocean_display_footer_bottom":"default","ocean_custom_footer_template":"0","omw_enable_modal_window":"enable","footnotes":""},"class_list":["post-62117","page","type-page","status-publish","has-post-thumbnail","hentry","entry","has-media"],"acf":[],"jetpack_sharing_enabled":true,"publishpress_future_action":{"enabled":false,"date":"2026-05-06 17:24:14","action":"change-status","newStatus":"draft","terms":[],"taxonomy":"","extraData":[]},"publishpress_future_workflow_manual_trigger":{"enabledWorkflows":[]},"_links":{"self":[{"href":"https:\/\/www.marclabarbe.com\/en\/wp-json\/wp\/v2\/pages\/62117","targetHints":{"allow":["GET"]}}],"collection":[{"href":"https:\/\/www.marclabarbe.com\/en\/wp-json\/wp\/v2\/pages"}],"about":[{"href":"https:\/\/www.marclabarbe.com\/en\/wp-json\/wp\/v2\/types\/page"}],"author":[{"embeddable":true,"href":"https:\/\/www.marclabarbe.com\/en\/wp-json\/wp\/v2\/users\/61"}],"replies":[{"embeddable":true,"href":"https:\/\/www.marclabarbe.com\/en\/wp-json\/wp\/v2\/comments?post=62117"}],"version-history":[{"count":20,"href":"https:\/\/www.marclabarbe.com\/en\/wp-json\/wp\/v2\/pages\/62117\/revisions"}],"predecessor-version":[{"id":62666,"href":"https:\/\/www.marclabarbe.com\/en\/wp-json\/wp\/v2\/pages\/62117\/revisions\/62666"}],"wp:featuredmedia":[{"embeddable":true,"href":"https:\/\/www.marclabarbe.com\/en\/wp-json\/wp\/v2\/media\/27756"}],"wp:attachment":[{"href":"https:\/\/www.marclabarbe.com\/en\/wp-json\/wp\/v2\/media?parent=62117"}],"curies":[{"name":"wp","href":"https:\/\/api.w.org\/{rel}","templated":true}]}}