{"id":62114,"date":"2025-04-24T15:38:07","date_gmt":"2025-04-24T14:38:07","guid":{"rendered":"https:\/\/www.marclabarbe.com\/?page_id=62114"},"modified":"2025-05-15T10:42:48","modified_gmt":"2025-05-15T09:42:48","slug":"montres-horlogeries","status":"publish","type":"page","link":"https:\/\/www.marclabarbe.com\/en\/montres-horlogeries\/","title":{"rendered":"Watches \u2013 Watchmaking"},"content":{"rendered":"<div data-elementor-type=\"wp-page\" data-elementor-id=\"62114\" class=\"elementor elementor-62114\" data-elementor-post-type=\"page\">\n\t\t\t\t\t\t<section class=\"elementor-section elementor-top-section elementor-element elementor-element-d9bf632 elementor-section-boxed elementor-section-height-default elementor-section-height-default\" data-id=\"d9bf632\" data-element_type=\"section\">\n\t\t\t\t\t\t<div class=\"elementor-container elementor-column-gap-default\">\n\t\t\t\t\t<div class=\"elementor-column elementor-col-100 elementor-top-column elementor-element elementor-element-5a3511ae\" data-id=\"5a3511ae\" data-element_type=\"column\">\n\t\t\t<div class=\"elementor-widget-wrap elementor-element-populated\">\n\t\t\t\t\t\t<div class=\"elementor-element elementor-element-7d061898 elementor-invisible elementor-widget elementor-widget-heading\" data-id=\"7d061898\" data-element_type=\"widget\" data-settings=\"{&quot;_animation&quot;:&quot;fadeInUp&quot;}\" data-widget_type=\"heading.default\">\n\t\t\t\t<div class=\"elementor-widget-container\">\n\t\t\t\t\t<h1 class=\"elementor-heading-title elementor-size-default\">Watches \u2013 Clocks\n<\/h1>\t\t\t\t<\/div>\n\t\t\t\t<\/div>\n\t\t\t\t<div class=\"elementor-element elementor-element-66acb39e elementor-widget-divider--view-line elementor-widget elementor-widget-divider\" data-id=\"66acb39e\" data-element_type=\"widget\" data-widget_type=\"divider.default\">\n\t\t\t\t<div class=\"elementor-widget-container\">\n\t\t\t\t\t\t\t<div class=\"elementor-divider\">\n\t\t\t<span class=\"elementor-divider-separator\">\n\t\t\t\t\t\t<\/span>\n\t\t<\/div>\n\t\t\t\t\t\t<\/div>\n\t\t\t\t<\/div>\n\t\t\t\t\t<\/div>\n\t\t<\/div>\n\t\t\t\t\t<\/div>\n\t\t<\/section>\n\t\t\t\t<section class=\"elementor-section elementor-top-section elementor-element elementor-element-9a80c68 elementor-section-boxed elementor-section-height-default elementor-section-height-default\" data-id=\"9a80c68\" data-element_type=\"section\">\n\t\t\t\t\t\t<div class=\"elementor-container elementor-column-gap-default\">\n\t\t\t\t\t<div class=\"elementor-column elementor-col-100 elementor-top-column elementor-element elementor-element-041a152\" data-id=\"041a152\" data-element_type=\"column\">\n\t\t\t<div class=\"elementor-widget-wrap elementor-element-populated\">\n\t\t\t\t\t\t<div class=\"elementor-element elementor-element-9b9c2e5 elementor-widget elementor-widget-text-editor\" data-id=\"9b9c2e5\" data-element_type=\"widget\" data-widget_type=\"text-editor.default\">\n\t\t\t\t<div class=\"elementor-widget-container\">\n\t\t\t\t\t\t\t\t\t<p><span data-contrast=\"auto\">Collectible watches are more than just timekeeping instruments: they embody innovation and prestige. Selling your watch at auction allows you to showcase it to a national and international audience of passionate collectors and enthusiasts, ensuring optimal sales.<\/span><span data-ccp-props=\"{&quot;134233117&quot;:true,&quot;134233118&quot;:true,&quot;201341983&quot;:0,&quot;335559740&quot;:240}\">\u00a0<\/span><\/p><p><span data-contrast=\"auto\">Our watch auctions are the perfect opportunity to showcase your pieces, whether vintage watches or iconic models from major brands such as <\/span><b><span data-contrast=\"auto\">Rolex<\/span><\/b><span data-contrast=\"auto\">, <\/span><b><span data-contrast=\"auto\">Patek Philippe<\/span><\/b><span data-contrast=\"auto\">, <\/span><b><span data-contrast=\"auto\">Audemars Piguet<\/span><\/b><span data-contrast=\"auto\">,<\/span><b><span data-contrast=\"auto\"> Breguet, Vacheron Constantin<\/span><\/b><span data-contrast=\"auto\"> or even limited editions of <\/span><b><span data-contrast=\"auto\">Omega<\/span><\/b><span data-contrast=\"auto\"> and <\/span><b><span data-contrast=\"auto\">Jaeger-LeCoultre<\/span><\/b><span data-contrast=\"auto\">. Whether you own a <\/span><b><span data-contrast=\"auto\">Rolex Daytona<\/span><\/b><span data-contrast=\"auto\">, or a <\/span><b><span data-contrast=\"auto\">Royal Oak<\/span><\/b><span data-contrast=\"auto\">, you can be assured that these iconic pieces will attract the attention of discerning collectors attending our auctions.<\/span><span data-ccp-props=\"{&quot;134233117&quot;:true,&quot;134233118&quot;:true,&quot;201341983&quot;:0,&quot;335559740&quot;:240}\">\u00a0<\/span><\/p>\t\t\t\t\t\t\t\t<\/div>\n\t\t\t\t<\/div>\n\t\t\t\t<div class=\"elementor-element elementor-element-a15f901 elementor-widget elementor-widget-gallery\" data-id=\"a15f901\" data-element_type=\"widget\" data-settings=\"{&quot;gallery_layout&quot;:&quot;masonry&quot;,&quot;columns&quot;:3,&quot;gap&quot;:{&quot;unit&quot;:&quot;px&quot;,&quot;size&quot;:5,&quot;sizes&quot;:[]},&quot;lazyload&quot;:&quot;yes&quot;,&quot;columns_tablet&quot;:2,&quot;columns_mobile&quot;:1,&quot;gap_tablet&quot;:{&quot;unit&quot;:&quot;px&quot;,&quot;size&quot;:10,&quot;sizes&quot;:[]},&quot;gap_mobile&quot;:{&quot;unit&quot;:&quot;px&quot;,&quot;size&quot;:10,&quot;sizes&quot;:[]},&quot;link_to&quot;:&quot;file&quot;,&quot;overlay_background&quot;:&quot;yes&quot;,&quot;content_hover_animation&quot;:&quot;fade-in&quot;}\" data-widget_type=\"gallery.default\">\n\t\t\t\t<div class=\"elementor-widget-container\">\n\t\t\t\t\t\t\t<div class=\"elementor-gallery__container\">\n\t\t\t\t\t\t\t<a class=\"e-gallery-item elementor-gallery-item elementor-animated-content\" href=\"https:\/\/www.marclabarbe.com\/wp-content\/uploads\/2025\/04\/Breguet-type-XX.webp\" data-elementor-open-lightbox=\"yes\" data-elementor-lightbox-slideshow=\"a15f901\" data-elementor-lightbox-title=\"BREGUET Type XX de 1955 N\u00b0 1888.\" data-elementor-lightbox-description=\" Exceptionnelle montre chronographe Boitier en acier. Cadran noir sign\u00e9 Breguet 3 compteurs. Calibre Valjoux 720 avec fonction Retour en Vol. Chiffres arabes luminescents. Aiguilles blanches. Lunette tournante en acier gradu\u00e9 sur 12h. (la lunette est bloqu\u00e9e). Fond viss\u00e9 portant le num\u00e9ro 1888. Cache poussi\u00e8re. Bracelet Breguet usag\u00e9. Diam\u00e8tre : 39 mm. En bon \u00e9tat de fonctionnement lors de l&#039;expertise. Sans garantie. 15.000 euros \" data-e-action-hash=\"#elementor-action%3Aaction%3Dlightbox%26settings%3DeyJpZCI6NjI1MDAsInVybCI6Imh0dHBzOlwvXC93d3cubWFyY2xhYmFyYmUuY29tXC93cC1jb250ZW50XC91cGxvYWRzXC8yMDI1XC8wNFwvQnJlZ3VldC10eXBlLVhYLndlYnAiLCJzbGlkZXNob3ciOiJhMTVmOTAxIn0%3D\">\n\t\t\t\t\t<div class=\"e-gallery-image elementor-gallery-item__image\" data-thumbnail=\"https:\/\/www.marclabarbe.com\/wp-content\/uploads\/2025\/04\/Breguet-type-XX-533x800.webp\" data-width=\"533\" data-height=\"800\" aria-label=\"BREGUET Type XX from 1955, No. 1888. Exceptional chronograph watch. Steel case. Black dial signed Breguet with three subdials. Valjoux caliber 720 with flyback function. Luminescent Arabic numerals. White hands. Rotating steel bezel graduated to 12 o&#039;clock (bezel is stuck). Screw-down case back bearing the number 1888. Dust cover. Used Breguet strap. Diameter: 39 mm. In good working order at the time of inspection. No warranty. \u20ac15,000\" role=\"img\" ><\/div>\n\t\t\t\t\t\t\t\t\t\t\t<div class=\"elementor-gallery-item__overlay\"><\/div>\n\t\t\t\t\t\t\t\t\t\t\t\t\t\t<\/a>\n\t\t\t\t\t\t\t<a class=\"e-gallery-item elementor-gallery-item elementor-animated-content\" href=\"https:\/\/www.marclabarbe.com\/wp-content\/uploads\/2025\/04\/rolex-GMT.webp\" data-elementor-open-lightbox=\"yes\" data-elementor-lightbox-slideshow=\"a15f901\" data-elementor-lightbox-title=\"ROLEX GMT-MASTER Pepsi. Ref. 1675.\" data-elementor-lightbox-description=\"Montre automatique en acier. N\u00b0 de s\u00e9rie 5008xx20. Vers 1977. Certifi\u00e9 chronom\u00e8tre. Superbe cadran noir mat \u00e0 index patin\u00e9s coquille d&#039;\u0153uf. Aiguilles Mercedes et aiguille rouge du second fuseau horaire. Infime manque de tritium \u00e0 la pointe de l&#039;aiguille GMT. Date \u00e0 3h. Verre cyclope. Lunette bi-directionnelle \u00e9maill\u00e9e rouge et bleue. Couronne vissante \u00e0 logo. Bracelet acier Ref 78300. End links Ref 580. Petit choc \u00e0 un maillon. Tour de poignet : 19,5 cm. Fond avec gravure manuelle peu profonde. 13.500 euros \" data-e-action-hash=\"#elementor-action%3Aaction%3Dlightbox%26settings%3DeyJpZCI6NjI1MDksInVybCI6Imh0dHBzOlwvXC93d3cubWFyY2xhYmFyYmUuY29tXC93cC1jb250ZW50XC91cGxvYWRzXC8yMDI1XC8wNFwvcm9sZXgtR01ULndlYnAiLCJzbGlkZXNob3ciOiJhMTVmOTAxIn0%3D\">\n\t\t\t\t\t<div class=\"e-gallery-image elementor-gallery-item__image\" data-thumbnail=\"https:\/\/www.marclabarbe.com\/wp-content\/uploads\/2025\/04\/rolex-GMT-532x800.webp\" data-width=\"532\" data-height=\"800\" aria-label=\"\" role=\"img\" ><\/div>\n\t\t\t\t\t\t\t\t\t\t\t<div class=\"elementor-gallery-item__overlay\"><\/div>\n\t\t\t\t\t\t\t\t\t\t\t\t\t\t<\/a>\n\t\t\t\t\t\t\t<a class=\"e-gallery-item elementor-gallery-item elementor-animated-content\" href=\"https:\/\/www.marclabarbe.com\/wp-content\/uploads\/2025\/04\/rolex-ref-2811.webp\" data-elementor-open-lightbox=\"yes\" data-elementor-lightbox-slideshow=\"a15f901\" data-elementor-lightbox-title=\"ROLEX Ref 2811 Vers 1935.\" data-elementor-lightbox-description=\"Montre bracelet chronographe Rolex en or jaune 750\/1000. Antimagn\u00e9tique. Mouvement avec roue \u00e0 colonne sign\u00e9 Rolex. Cadran dor\u00e9 et patin\u00e9. Inscriptions un peu pass\u00e9es. Logo Rolex et mention &quot;chronographe&quot; post\u00e9rieurs. Rayure \u00e0 8h. Compteur 30 mn \u00e0 3h. Chiffres et index appliqu\u00e9s en or. Poussoirs olives us\u00e9s. Anses Bec d&#039;aigle. Fond en or clips\u00e9 estamp\u00e9 de la couronne Rolex, la Ref 2811 et N\u00b0 de boite 38433. L&#039;int\u00e9rieur du fond est sign\u00e9 Rolex Gen\u00e8ve avec mention des &quot;27 Records Universels&quot;. 13.000 euros \" data-e-action-hash=\"#elementor-action%3Aaction%3Dlightbox%26settings%3DeyJpZCI6NjI1MTAsInVybCI6Imh0dHBzOlwvXC93d3cubWFyY2xhYmFyYmUuY29tXC93cC1jb250ZW50XC91cGxvYWRzXC8yMDI1XC8wNFwvcm9sZXgtcmVmLTI4MTEud2VicCIsInNsaWRlc2hvdyI6ImExNWY5MDEifQ%3D%3D\">\n\t\t\t\t\t<div class=\"e-gallery-image elementor-gallery-item__image\" data-thumbnail=\"https:\/\/www.marclabarbe.com\/wp-content\/uploads\/2025\/04\/rolex-ref-2811-532x800.webp\" data-width=\"532\" data-height=\"800\" aria-label=\"ROLEX Ref 2811 Circa 1935. Rolex chronograph wristwatch in 18k yellow gold. Antimagnetic. Column-wheel movement signed Rolex. Gilt and patinated dial. Markings slightly faded. Later Rolex logo and &quot;chronograph&quot; inscription. Scratch at 8 o&#039;clock. 30-minute counter at 3 o&#039;clock. Applied gold numerals and indices. Worn olive pushers. Eagle-beak lugs. Snap-on gold case back stamped with the Rolex crown, Ref 2811, and case number 38433. The inside of the case back is signed Rolex Gen\u00e8ve with the inscription &quot;27 Universal Records&quot;. \u20ac13,000\" role=\"img\" ><\/div>\n\t\t\t\t\t\t\t\t\t\t\t<div class=\"elementor-gallery-item__overlay\"><\/div>\n\t\t\t\t\t\t\t\t\t\t\t\t\t\t<\/a>\n\t\t\t\t\t<\/div>\n\t\t\t\t\t<\/div>\n\t\t\t\t<\/div>\n\t\t\t\t<div class=\"elementor-element elementor-element-07d084e elementor-widget elementor-widget-text-editor\" data-id=\"07d084e\" data-element_type=\"widget\" data-widget_type=\"text-editor.default\">\n\t\t\t\t<div class=\"elementor-widget-container\">\n\t\t\t\t\t\t\t\t\t<p><span class=\"TextRun SCXW43084860 BCX0\" lang=\"FR-FR\" xml:lang=\"FR-FR\" data-contrast=\"auto\"><span class=\"NormalTextRun SCXW43084860 BCX0\">Thanks to the expertise of <\/span><span class=\"NormalTextRun SCXW43084860 BCX0\">our <\/span><span class=\"NormalTextRun SCXW43084860 BCX0\">commissioners<\/span><span class=\"NormalTextRun SCXW43084860 BCX0\">\u2013<\/span><span class=\"NormalTextRun SCXW43084860 BCX0\">auctioneers<\/span><span class=\"NormalTextRun SCXW43084860 BCX0\">, <\/span><span class=\"NormalTextRun SCXW43084860 BCX0\">Each watch is carefully evaluated to maximize its value. We highlight the unique characteristics of each model, whether it&#039;s its history, rarity, or condition. With a promotion <\/span><span class=\"NormalTextRun SCXW43084860 BCX0\">targeted<\/span><span class=\"NormalTextRun SCXW43084860 BCX0\"> and the attraction of<\/span><span class=\"NormalTextRun SCXW43084860 BCX0\">e <\/span><\/span><span class=\"TextRun SCXW43084860 BCX0\" lang=\"FR-FR\" xml:lang=\"FR-FR\" data-contrast=\"auto\"><span class=\"NormalTextRun SCXW43084860 BCX0\">our<\/span><span class=\"NormalTextRun SCXW43084860 BCX0\"> two annual sales,<\/span><\/span><span class=\"TextRun SCXW43084860 BCX0\" lang=\"FR-FR\" xml:lang=\"FR-FR\" data-contrast=\"auto\"> <span class=\"NormalTextRun SCXW43084860 BCX0\">Your watches will benefit from maximum visibility and a competitive environment, ensuring their sale at the best possible price.<\/span><\/span><span class=\"EOP SCXW43084860 BCX0\" data-ccp-props=\"{&quot;134233117&quot;:true,&quot;134233118&quot;:true,&quot;201341983&quot;:0,&quot;335559740&quot;:240}\">\u00a0<\/span><\/p>\t\t\t\t\t\t\t\t<\/div>\n\t\t\t\t<\/div>\n\t\t\t\t\t<\/div>\n\t\t<\/div>\n\t\t\t\t\t<\/div>\n\t\t<\/section>\n\t\t\t\t<\/div>","protected":false},"excerpt":{"rendered":"<p>Watches \u2013 Clocks Collectible watches are much more than simple time-measuring instruments: they embody innovation and prestige. Selling your watch at auction allows you to showcase it in the spotlight to a national and international audience of passionate collectors and enthusiasts, and thus achieve a sale [\u2026]<\/p>","protected":false},"author":61,"featured_media":27756,"parent":0,"menu_order":0,"comment_status":"closed","ping_status":"closed","template":"","meta":{"_acf_changed":false,"ocean_post_layout":"","ocean_both_sidebars_style":"","ocean_both_sidebars_content_width":0,"ocean_both_sidebars_sidebars_width":0,"ocean_sidebar":"0","ocean_second_sidebar":"0","ocean_disable_margins":"enable","ocean_add_body_class":"","ocean_shortcode_before_top_bar":"","ocean_shortcode_after_top_bar":"","ocean_shortcode_before_header":"","ocean_shortcode_after_header":"","ocean_has_shortcode":"","ocean_shortcode_after_title":"","ocean_shortcode_before_footer_widgets":"","ocean_shortcode_after_footer_widgets":"","ocean_shortcode_before_footer_bottom":"","ocean_shortcode_after_footer_bottom":"","ocean_display_top_bar":"default","ocean_display_header":"default","ocean_header_style":"","ocean_center_header_left_menu":"0","ocean_custom_header_template":"0","ocean_custom_logo":0,"ocean_custom_retina_logo":0,"ocean_custom_logo_max_width":0,"ocean_custom_logo_tablet_max_width":0,"ocean_custom_logo_mobile_max_width":0,"ocean_custom_logo_max_height":0,"ocean_custom_logo_tablet_max_height":0,"ocean_custom_logo_mobile_max_height":0,"ocean_header_custom_menu":"0","ocean_menu_typo_font_family":"0","ocean_menu_typo_font_subset":"","ocean_menu_typo_font_size":0,"ocean_menu_typo_font_size_tablet":0,"ocean_menu_typo_font_size_mobile":0,"ocean_menu_typo_font_size_unit":"px","ocean_menu_typo_font_weight":"","ocean_menu_typo_font_weight_tablet":"","ocean_menu_typo_font_weight_mobile":"","ocean_menu_typo_transform":"","ocean_menu_typo_transform_tablet":"","ocean_menu_typo_transform_mobile":"","ocean_menu_typo_line_height":0,"ocean_menu_typo_line_height_tablet":0,"ocean_menu_typo_line_height_mobile":0,"ocean_menu_typo_line_height_unit":"","ocean_menu_typo_spacing":0,"ocean_menu_typo_spacing_tablet":0,"ocean_menu_typo_spacing_mobile":0,"ocean_menu_typo_spacing_unit":"","ocean_menu_link_color":"","ocean_menu_link_color_hover":"","ocean_menu_link_color_active":"","ocean_menu_link_background":"","ocean_menu_link_hover_background":"","ocean_menu_link_active_background":"","ocean_menu_social_links_bg":"","ocean_menu_social_hover_links_bg":"","ocean_menu_social_links_color":"","ocean_menu_social_hover_links_color":"","ocean_disable_title":"on","ocean_disable_heading":"default","ocean_post_title":"","ocean_post_subheading":"","ocean_post_title_style":"","ocean_post_title_background_color":"","ocean_post_title_background":0,"ocean_post_title_bg_image_position":"","ocean_post_title_bg_image_attachment":"","ocean_post_title_bg_image_repeat":"","ocean_post_title_bg_image_size":"","ocean_post_title_height":0,"ocean_post_title_bg_overlay":0.5,"ocean_post_title_bg_overlay_color":"","ocean_disable_breadcrumbs":"default","ocean_breadcrumbs_color":"","ocean_breadcrumbs_separator_color":"","ocean_breadcrumbs_links_color":"","ocean_breadcrumbs_links_hover_color":"","ocean_display_footer_widgets":"default","ocean_display_footer_bottom":"default","ocean_custom_footer_template":"0","omw_enable_modal_window":"enable","footnotes":""},"class_list":["post-62114","page","type-page","status-publish","has-post-thumbnail","hentry","entry","has-media"],"acf":[],"jetpack_sharing_enabled":true,"publishpress_future_action":{"enabled":false,"date":"2026-05-06 17:14:22","action":"change-status","newStatus":"draft","terms":[],"taxonomy":"","extraData":[]},"publishpress_future_workflow_manual_trigger":{"enabledWorkflows":[]},"_links":{"self":[{"href":"https:\/\/www.marclabarbe.com\/en\/wp-json\/wp\/v2\/pages\/62114","targetHints":{"allow":["GET"]}}],"collection":[{"href":"https:\/\/www.marclabarbe.com\/en\/wp-json\/wp\/v2\/pages"}],"about":[{"href":"https:\/\/www.marclabarbe.com\/en\/wp-json\/wp\/v2\/types\/page"}],"author":[{"embeddable":true,"href":"https:\/\/www.marclabarbe.com\/en\/wp-json\/wp\/v2\/users\/61"}],"replies":[{"embeddable":true,"href":"https:\/\/www.marclabarbe.com\/en\/wp-json\/wp\/v2\/comments?post=62114"}],"version-history":[{"count":24,"href":"https:\/\/www.marclabarbe.com\/en\/wp-json\/wp\/v2\/pages\/62114\/revisions"}],"predecessor-version":[{"id":62795,"href":"https:\/\/www.marclabarbe.com\/en\/wp-json\/wp\/v2\/pages\/62114\/revisions\/62795"}],"wp:featuredmedia":[{"embeddable":true,"href":"https:\/\/www.marclabarbe.com\/en\/wp-json\/wp\/v2\/media\/27756"}],"wp:attachment":[{"href":"https:\/\/www.marclabarbe.com\/en\/wp-json\/wp\/v2\/media?parent=62114"}],"curies":[{"name":"wp","href":"https:\/\/api.w.org\/{rel}","templated":true}]}}