{"id":60158,"date":"2021-04-06T09:50:17","date_gmt":"2021-04-06T08:50:17","guid":{"rendered":"https:\/\/www.marclabarbe.com\/?page_id=60158"},"modified":"2025-05-05T16:54:46","modified_gmt":"2025-05-05T15:54:46","slug":"arts-dasie","status":"publish","type":"page","link":"https:\/\/www.marclabarbe.com\/en\/arts-dasie\/","title":{"rendered":"Asian Arts"},"content":{"rendered":"<div data-elementor-type=\"wp-page\" data-elementor-id=\"60158\" class=\"elementor elementor-60158\" data-elementor-post-type=\"page\">\n\t\t\t\t\t\t<section class=\"elementor-section elementor-top-section elementor-element elementor-element-2d84a318 elementor-section-boxed elementor-section-height-default elementor-section-height-default\" data-id=\"2d84a318\" data-element_type=\"section\">\n\t\t\t\t\t\t<div class=\"elementor-container elementor-column-gap-default\">\n\t\t\t\t\t<div class=\"elementor-column elementor-col-100 elementor-top-column elementor-element elementor-element-71ba6a31\" data-id=\"71ba6a31\" data-element_type=\"column\">\n\t\t\t<div class=\"elementor-widget-wrap elementor-element-populated\">\n\t\t\t\t\t\t<div class=\"elementor-element elementor-element-20ee6f6c elementor-invisible elementor-widget elementor-widget-heading\" data-id=\"20ee6f6c\" data-element_type=\"widget\" data-settings=\"{&quot;_animation&quot;:&quot;fadeInUp&quot;}\" data-widget_type=\"heading.default\">\n\t\t\t\t<div class=\"elementor-widget-container\">\n\t\t\t\t\t<h1 class=\"elementor-heading-title elementor-size-default\">Asian Arts\n<\/h1>\t\t\t\t<\/div>\n\t\t\t\t<\/div>\n\t\t\t\t<div class=\"elementor-element elementor-element-2b265f17 elementor-widget-divider--view-line elementor-widget elementor-widget-divider\" data-id=\"2b265f17\" data-element_type=\"widget\" data-widget_type=\"divider.default\">\n\t\t\t\t<div class=\"elementor-widget-container\">\n\t\t\t\t\t\t\t<div class=\"elementor-divider\">\n\t\t\t<span class=\"elementor-divider-separator\">\n\t\t\t\t\t\t<\/span>\n\t\t<\/div>\n\t\t\t\t\t\t<\/div>\n\t\t\t\t<\/div>\n\t\t\t\t\t<\/div>\n\t\t<\/div>\n\t\t\t\t\t<\/div>\n\t\t<\/section>\n\t\t\t\t<section class=\"elementor-section elementor-top-section elementor-element elementor-element-6e2c8fed elementor-section-boxed elementor-section-height-default elementor-section-height-default\" data-id=\"6e2c8fed\" data-element_type=\"section\">\n\t\t\t\t\t\t<div class=\"elementor-container elementor-column-gap-default\">\n\t\t\t\t\t<div class=\"elementor-column elementor-col-100 elementor-top-column elementor-element elementor-element-3e6f53bb\" data-id=\"3e6f53bb\" data-element_type=\"column\">\n\t\t\t<div class=\"elementor-widget-wrap elementor-element-populated\">\n\t\t\t\t\t\t<div class=\"elementor-element elementor-element-2d608867 elementor-widget elementor-widget-text-editor\" data-id=\"2d608867\" data-element_type=\"widget\" data-widget_type=\"text-editor.default\">\n\t\t\t\t<div class=\"elementor-widget-container\">\n\t\t\t\t\t\t\t\t\t<p><span data-contrast=\"auto\">Our firm specializes in Asian art and offers your Asian art objects an international spotlight among the greatest connoisseurs and collectors. With several million-dollar auctions, <\/span><b><span data-contrast=\"auto\">To date, we hold the record for the most expensive Asian item ever sold in France.<\/span><\/b><span data-contrast=\"auto\"> to the tune of 22 million euros.\u00a0<\/span><span data-ccp-props=\"{&quot;134233117&quot;:true,&quot;134233118&quot;:true,&quot;201341983&quot;:0,&quot;335559740&quot;:240}\">\u00a0<\/span><\/p><p><span data-contrast=\"auto\">Every year, we organize two specialized sales, supported by the expertise of the Ansas \u2013 Papillon \u2013 De L\u00e9ry firm, which are the ideal opportunity to attract an international, passionate and informed clientele.<\/span><span data-ccp-props=\"{&quot;134233117&quot;:true,&quot;134233118&quot;:true,&quot;201341983&quot;:0,&quot;335559740&quot;:240}\">\u00a0<\/span><\/p>\t\t\t\t\t\t\t\t<\/div>\n\t\t\t\t<\/div>\n\t\t\t\t<div class=\"elementor-element elementor-element-16081d7 elementor-widget elementor-widget-gallery\" data-id=\"16081d7\" data-element_type=\"widget\" data-settings=\"{&quot;columns&quot;:1,&quot;lazyload&quot;:&quot;yes&quot;,&quot;gallery_layout&quot;:&quot;grid&quot;,&quot;columns_tablet&quot;:2,&quot;columns_mobile&quot;:1,&quot;gap&quot;:{&quot;unit&quot;:&quot;px&quot;,&quot;size&quot;:10,&quot;sizes&quot;:[]},&quot;gap_tablet&quot;:{&quot;unit&quot;:&quot;px&quot;,&quot;size&quot;:10,&quot;sizes&quot;:[]},&quot;gap_mobile&quot;:{&quot;unit&quot;:&quot;px&quot;,&quot;size&quot;:10,&quot;sizes&quot;:[]},&quot;link_to&quot;:&quot;file&quot;,&quot;aspect_ratio&quot;:&quot;3:2&quot;,&quot;overlay_background&quot;:&quot;yes&quot;,&quot;content_hover_animation&quot;:&quot;fade-in&quot;}\" data-widget_type=\"gallery.default\">\n\t\t\t\t<div class=\"elementor-widget-container\">\n\t\t\t\t\t\t\t<div class=\"elementor-gallery__container\">\n\t\t\t\t\t\t\t<a class=\"e-gallery-item elementor-gallery-item elementor-animated-content\" href=\"https:\/\/www.marclabarbe.com\/wp-content\/uploads\/2025\/04\/peinture-imp-5.png\" data-elementor-open-lightbox=\"yes\" data-elementor-lightbox-slideshow=\"16081d7\" data-elementor-lightbox-title=\"CHINE. Peinture imp\u00e9riale QING : \u00ab La Grande Revue \u00bb D\u00e9tail de la peinture imp\u00e9riale Qing : \u00ab La Grande Revue \u00bb, IV \u00ab Man\u0153uvres \u00bb\" data-elementor-lightbox-description=\" Ce rouleau horizontal en encre et couleurs sur soie, d\u00fb \u00e0 plusieurs peintres de la Cour, date de 1747 ou 1748. Il conclut une s\u00e9rie de quatre, immortalisant une revue militaire ayant mobilis\u00e9 quelque 20 000 hommes. La localisation actuelle de la premi\u00e8re de ces peintures : Xingying (L&#039;empereur se rend au camp) reste inconnue. Elle repr\u00e9senterait la suite imp\u00e9riale se rendant au lieu de la Revue, le parc du Sud Nanyuan, o\u00f9 les empereurs mandchous tenaient des man\u0153uvres militaires [...] Suite voir la liste d&#039;annonce. - 22 057 760\u20ac\" data-e-action-hash=\"#elementor-action%3Aaction%3Dlightbox%26settings%3DeyJpZCI6NjIxODksInVybCI6Imh0dHBzOlwvXC93d3cubWFyY2xhYmFyYmUuY29tXC93cC1jb250ZW50XC91cGxvYWRzXC8yMDI1XC8wNFwvcGVpbnR1cmUtaW1wLTUucG5nIiwic2xpZGVzaG93IjoiMTYwODFkNyJ9\">\n\t\t\t\t\t<div class=\"e-gallery-image elementor-gallery-item__image\" data-thumbnail=\"https:\/\/www.marclabarbe.com\/wp-content\/uploads\/2025\/04\/peinture-imp-5.png\" data-width=\"978\" data-height=\"550\" aria-label=\"\" role=\"img\" ><\/div>\n\t\t\t\t\t\t\t\t\t\t\t<div class=\"elementor-gallery-item__overlay\"><\/div>\n\t\t\t\t\t\t\t\t\t\t\t\t\t\t<\/a>\n\t\t\t\t\t<\/div>\n\t\t\t\t\t<\/div>\n\t\t\t\t<\/div>\n\t\t\t\t\t<\/div>\n\t\t<\/div>\n\t\t\t\t\t<\/div>\n\t\t<\/section>\n\t\t\t\t<section class=\"elementor-section elementor-top-section elementor-element elementor-element-769cf54 elementor-section-boxed elementor-section-height-default elementor-section-height-default\" data-id=\"769cf54\" data-element_type=\"section\">\n\t\t\t\t\t\t<div class=\"elementor-container elementor-column-gap-default\">\n\t\t\t\t\t<div class=\"elementor-column elementor-col-100 elementor-top-column elementor-element elementor-element-bf81229\" data-id=\"bf81229\" data-element_type=\"column\">\n\t\t\t<div class=\"elementor-widget-wrap elementor-element-populated\">\n\t\t\t\t\t\t<div class=\"elementor-element elementor-element-f70820d elementor-widget elementor-widget-text-editor\" data-id=\"f70820d\" data-element_type=\"widget\" data-widget_type=\"text-editor.default\">\n\t\t\t\t<div class=\"elementor-widget-container\">\n\t\t\t\t\t\t\t\t\t<p><span data-contrast=\"auto\">Since then, our sales continue to capture the attention of international buyers, both for Chinese, Vietnamese, Japanese, Laotian and Burmese pieces and present a wealth of objects testifying to their great cultural diversity: Chinese imperial pieces, jades, bronzes, lacquers, porcelains and textiles.\u00a0<\/span><span data-ccp-props=\"{&quot;134233117&quot;:true,&quot;134233118&quot;:true,&quot;201341983&quot;:0,&quot;335559740&quot;:240}\">\u00a0<\/span><\/p><p><span data-contrast=\"auto\">To ensure optimal visibility for your items, our sales are subject to tailor-made communication strategies, specifically targeting Asian markets and disseminated via suitable media.\u00a0<\/span><span data-ccp-props=\"{&quot;134233117&quot;:true,&quot;134233118&quot;:true,&quot;201341983&quot;:0,&quot;335559740&quot;:240}\">\u00a0<\/span><\/p>\t\t\t\t\t\t\t\t<\/div>\n\t\t\t\t<\/div>\n\t\t\t\t<div class=\"elementor-element elementor-element-c1192f9 elementor-widget elementor-widget-gallery\" data-id=\"c1192f9\" data-element_type=\"widget\" data-settings=\"{&quot;gallery_layout&quot;:&quot;justified&quot;,&quot;ideal_row_height&quot;:{&quot;unit&quot;:&quot;px&quot;,&quot;size&quot;:262,&quot;sizes&quot;:[]},&quot;lazyload&quot;:&quot;yes&quot;,&quot;ideal_row_height_tablet&quot;:{&quot;unit&quot;:&quot;px&quot;,&quot;size&quot;:150,&quot;sizes&quot;:[]},&quot;ideal_row_height_mobile&quot;:{&quot;unit&quot;:&quot;px&quot;,&quot;size&quot;:150,&quot;sizes&quot;:[]},&quot;gap&quot;:{&quot;unit&quot;:&quot;px&quot;,&quot;size&quot;:10,&quot;sizes&quot;:[]},&quot;gap_tablet&quot;:{&quot;unit&quot;:&quot;px&quot;,&quot;size&quot;:10,&quot;sizes&quot;:[]},&quot;gap_mobile&quot;:{&quot;unit&quot;:&quot;px&quot;,&quot;size&quot;:10,&quot;sizes&quot;:[]},&quot;link_to&quot;:&quot;file&quot;,&quot;overlay_background&quot;:&quot;yes&quot;,&quot;content_hover_animation&quot;:&quot;fade-in&quot;}\" data-widget_type=\"gallery.default\">\n\t\t\t\t<div class=\"elementor-widget-container\">\n\t\t\t\t\t\t\t<div class=\"elementor-gallery__container\">\n\t\t\t\t\t\t\t<a class=\"e-gallery-item elementor-gallery-item elementor-animated-content\" href=\"https:\/\/www.marclabarbe.com\/wp-content\/uploads\/2024\/07\/Le-Pho.jpg\" data-elementor-open-lightbox=\"yes\" data-elementor-lightbox-slideshow=\"c1192f9\" data-elementor-lightbox-title=\"Le Pho - Maternit\u00e9\" data-elementor-lightbox-description=\"encre et couleurs sur soie contrecoll\u00e9e sur carton, caract\u00e8res, cachet et signature de l\u2019artiste, 61,5 x 44,5 cm - 571 500\u20ac \" data-e-action-hash=\"#elementor-action%3Aaction%3Dlightbox%26settings%3DeyJpZCI6NjEyMzUsInVybCI6Imh0dHBzOlwvXC93d3cubWFyY2xhYmFyYmUuY29tXC93cC1jb250ZW50XC91cGxvYWRzXC8yMDI0XC8wN1wvTGUtUGhvLmpwZyIsInNsaWRlc2hvdyI6ImMxMTkyZjkifQ%3D%3D\">\n\t\t\t\t\t<div class=\"e-gallery-image elementor-gallery-item__image\" data-thumbnail=\"https:\/\/www.marclabarbe.com\/wp-content\/uploads\/2024\/07\/Le-Pho-800x800.jpg\" data-width=\"800\" data-height=\"800\" aria-label=\"L\u00e9 Ph\u00f4 (1907-2001), Maternity, ink and colors on silk mounted on cardboard, characters, stamp and signature of the artist, 61.5 x 44.5 cm.\" role=\"img\" ><\/div>\n\t\t\t\t\t\t\t\t\t\t\t<div class=\"elementor-gallery-item__overlay\"><\/div>\n\t\t\t\t\t\t\t\t\t\t\t\t\t\t<\/a>\n\t\t\t\t\t\t\t<a class=\"e-gallery-item elementor-gallery-item elementor-animated-content\" href=\"https:\/\/www.marclabarbe.com\/wp-content\/uploads\/2025\/04\/le-quoc-loc-scaled.webp\" data-elementor-open-lightbox=\"yes\" data-elementor-lightbox-slideshow=\"c1192f9\" data-elementor-lightbox-title=\"L\u00ca QUOC LOC (1918-1987).\" data-elementor-lightbox-description=\"Exceptionnelle armoire ouvrant \u00e0 deux vantaux en bois laqu\u00e9 polychrome rehauss\u00e9 d&#039;or repr\u00e9sentant dans un d\u00e9cor en perspective les berges d&#039;un lac contournant une rizi\u00e8re et un hameau surmont\u00e9s de pics montagneux. Une v\u00e9g\u00e9tation luxuriante compl\u00e8te l&#039;ornementation du meuble. Le pi\u00e8tement reprend une forme de l&#039;Art d\u00e9co, l&#039;int\u00e9rieur ouvrant sur neuf tiroirs plats surmont\u00e9s de trois \u00e9tag\u00e8res, le tout laqu\u00e9 noir. Non sign\u00e9e.  - Adjug\u00e9 \u00e0 232.000 euros.  \" data-e-action-hash=\"#elementor-action%3Aaction%3Dlightbox%26settings%3DeyJpZCI6NjI0OTAsInVybCI6Imh0dHBzOlwvXC93d3cubWFyY2xhYmFyYmUuY29tXC93cC1jb250ZW50XC91cGxvYWRzXC8yMDI1XC8wNFwvbGUtcXVvYy1sb2Mtc2NhbGVkLndlYnAiLCJzbGlkZXNob3ciOiJjMTE5MmY5In0%3D\">\n\t\t\t\t\t<div class=\"e-gallery-image elementor-gallery-item__image\" data-thumbnail=\"https:\/\/www.marclabarbe.com\/wp-content\/uploads\/2025\/04\/le-quoc-loc-800x615.webp\" data-width=\"800\" data-height=\"615\" aria-label=\"L\u00ca QUOC LOC (1918-1987) - An exceptional double-door cabinet in polychrome lacquered wood, highlighted with gold, depicting in perspective the banks of a lake surrounding a rice paddy and a hamlet, surmounted by mountain peaks. Lush vegetation completes the ornamentation. The base is in the Art Deco style, and the interior opens to reveal nine flat drawers topped by three shelves, all lacquered black. Unsigned. - Sold for \u20ac232,000.\" role=\"img\" ><\/div>\n\t\t\t\t\t\t\t\t\t\t\t<div class=\"elementor-gallery-item__overlay\"><\/div>\n\t\t\t\t\t\t\t\t\t\t\t\t\t\t<\/a>\n\t\t\t\t\t\t\t<a class=\"e-gallery-item elementor-gallery-item elementor-animated-content\" href=\"https:\/\/www.marclabarbe.com\/wp-content\/uploads\/2025\/04\/LE-QUOC-LOC-paravent.webp\" data-elementor-open-lightbox=\"yes\" data-elementor-lightbox-slideshow=\"c1192f9\" data-elementor-lightbox-title=\"LE QUOC LOC (1918 - 1987)\" data-elementor-lightbox-description=\"Paravent \u00e0 six feuilles en laque polychrome \u00e0 d\u00e9cor de paysage  anim\u00e9. Sign\u00e9 en bas \u00e0 droite, et dat\u00e9 1941. Encadrement bois. Dimensions environ 96 x 195 cm env. - Adjug\u00e9 \u00e0 266.500\u20ac. \" data-e-action-hash=\"#elementor-action%3Aaction%3Dlightbox%26settings%3DeyJpZCI6NjI0ODksInVybCI6Imh0dHBzOlwvXC93d3cubWFyY2xhYmFyYmUuY29tXC93cC1jb250ZW50XC91cGxvYWRzXC8yMDI1XC8wNFwvTEUtUVVPQy1MT0MtcGFyYXZlbnQud2VicCIsInNsaWRlc2hvdyI6ImMxMTkyZjkifQ%3D%3D\">\n\t\t\t\t\t<div class=\"e-gallery-image elementor-gallery-item__image\" data-thumbnail=\"https:\/\/www.marclabarbe.com\/wp-content\/uploads\/2025\/04\/LE-QUOC-LOC-paravent-800x396.webp\" data-width=\"800\" data-height=\"396\" aria-label=\"LE QUOC LOC (1918 - 1987) - Six-panel polychrome lacquer screen with a lively landscape design. Signed lower right and dated 1941. Wooden frame. Dimensions approximately 96 x 195 cm.\" role=\"img\" ><\/div>\n\t\t\t\t\t\t\t\t\t\t\t<div class=\"elementor-gallery-item__overlay\"><\/div>\n\t\t\t\t\t\t\t\t\t\t\t\t\t\t<\/a>\n\t\t\t\t\t\t\t<a class=\"e-gallery-item elementor-gallery-item elementor-animated-content\" href=\"https:\/\/www.marclabarbe.com\/wp-content\/uploads\/2013\/09\/sceau-2.png\" data-elementor-open-lightbox=\"yes\" data-elementor-lightbox-slideshow=\"c1192f9\" data-elementor-lightbox-title=\"CHINE. Sceau de l\u2019Empereur Jiaqing (1796-1820)\" data-elementor-lightbox-description=\"Cachet de jade gris. Le bouton est sculpt\u00e9 de dragons de style archa\u00efque chilong, la m\u00e8re et son petit. Publi\u00e9s page 75 de Yinxian shenke, les boutons de deux cachets de jade remontant \u00e0 la fin du r\u00e8gne de Qianlong sont sculpt\u00e9s dans un style tr\u00e8s proche Ce sceau porte quatre caract\u00e8res grav\u00e9s dans le style des cachets de l\u2019\u00e9poque Han : Xiumu jiayin \u00ab Arbres gracieux fournissant d\u2019agr\u00e9ables ombrages \u00bb - Adjug\u00e9 \u00e0 693.950\u20ac. \" data-e-action-hash=\"#elementor-action%3Aaction%3Dlightbox%26settings%3DeyJpZCI6MzU1NTAsInVybCI6Imh0dHBzOlwvXC93d3cubWFyY2xhYmFyYmUuY29tXC93cC1jb250ZW50XC91cGxvYWRzXC8yMDEzXC8wOVwvc2NlYXUtMi5wbmciLCJzbGlkZXNob3ciOiJjMTE5MmY5In0%3D\">\n\t\t\t\t\t<div class=\"e-gallery-image elementor-gallery-item__image\" data-thumbnail=\"https:\/\/www.marclabarbe.com\/wp-content\/uploads\/2013\/09\/sceau-2-704x800.png\" data-width=\"704\" data-height=\"800\" aria-label=\"CHINA. Seal of Emperor Jiaqing (1796-1820), Gray jade seal. The knob is carved with archaic chilong-style dragons, mother and cub. Published on page 75 of Yinxian shenke, the knobs of two jade seals dating from the end of the Qianlong reign are carved in a very similar style. This seal bears four characters engraved in the style of Han-period seals: Xiumu jiayin &quot;Graceful trees providing pleasant shade.&quot;\" role=\"img\" ><\/div>\n\t\t\t\t\t\t\t\t\t\t\t<div class=\"elementor-gallery-item__overlay\"><\/div>\n\t\t\t\t\t\t\t\t\t\t\t\t\t\t<\/a>\n\t\t\t\t\t\t\t<a class=\"e-gallery-item elementor-gallery-item elementor-animated-content\" href=\"https:\/\/www.marclabarbe.com\/wp-content\/uploads\/2025\/04\/bouddha-bronze-patine.webp\" data-elementor-open-lightbox=\"yes\" data-elementor-lightbox-slideshow=\"c1192f9\" data-elementor-lightbox-title=\"Rare statue en bronze de patine brune partiellement dor\u00e9 repr\u00e9sentant le Bouddha Locan\u00e2, par\u00e8dre d&#039;Akshobya, assise en lalitasana sur un socle lotiforme\" data-elementor-lightbox-description=\"Le pied droit pos\u00e9 sur un lotus, pr\u00e9sentant un diad\u00e8me entre ses mains. Sa t\u00eate l\u00e9g\u00e8rement inclin\u00e9e est couronn\u00e9e d&#039;une tiare \u00e0 cinq fleurons enserrant un chignon, son visage esquissant un sourire exprimant la s\u00e9r\u00e9nit\u00e9. Une longue khata est majestueusement d\u00e9ploy\u00e9e autour de la divinit\u00e9. Marque Qianlong \u00e0 six caract\u00e8res en kaishu sur la ceinture du socle, Da Qing Qianlong Nian Jingzao. Chine, \u00e9poque Qianlong (1736-1795).  Adjug\u00e9 environ 850.000 euros. \" data-e-action-hash=\"#elementor-action%3Aaction%3Dlightbox%26settings%3DeyJpZCI6NjI0ODQsInVybCI6Imh0dHBzOlwvXC93d3cubWFyY2xhYmFyYmUuY29tXC93cC1jb250ZW50XC91cGxvYWRzXC8yMDI1XC8wNFwvYm91ZGRoYS1icm9uemUtcGF0aW5lLndlYnAiLCJzbGlkZXNob3ciOiJjMTE5MmY5In0%3D\">\n\t\t\t\t\t<div class=\"e-gallery-image elementor-gallery-item__image\" data-thumbnail=\"https:\/\/www.marclabarbe.com\/wp-content\/uploads\/2025\/04\/bouddha-bronze-patine.webp\" data-width=\"615\" data-height=\"800\" aria-label=\"A rare bronze statue with a brown patina, partially gilded, depicting the Buddha Locana, consort of Akshobya, seated in lalitasana on a lotus-shaped base, her right foot resting on a lotus, holding a diadem in her hands. Her slightly inclined head is crowned with a five-fleuron tiara enclosing a chignon, her face bearing a serene smile. A long khata is majestically unfurled around the deity. The six-character Qianlong mark in kaishu script is inscribed on the base&#039;s band: Da Qing Qianlong Nian Jingzao. China, Qianlong period (1736-1795).\" role=\"img\" ><\/div>\n\t\t\t\t\t\t\t\t\t\t\t<div class=\"elementor-gallery-item__overlay\"><\/div>\n\t\t\t\t\t\t\t\t\t\t\t\t\t\t<\/a>\n\t\t\t\t\t\t\t<a class=\"e-gallery-item elementor-gallery-item elementor-animated-content\" href=\"https:\/\/www.marclabarbe.com\/wp-content\/uploads\/2018\/01\/album-1-4-e1745573534737.png\" data-elementor-open-lightbox=\"yes\" data-elementor-lightbox-slideshow=\"c1192f9\" data-elementor-lightbox-title=\"Album imp\u00e9rial \u00ab Zhi Gong Tu \u00bb, volume 4, Chine\" data-elementor-lightbox-description=\"p\u00e9riode Qianlong (1736-1795) , Peint \u00e0 l\u2019encre et couleur sur soie, compos\u00e9 de vingt-six doubles-pages, les deux premi\u00e8res pages, en papier \u00e0 fond jaune parsem\u00e9 de paillettes d\u2019or, portant trois cachets imp\u00e9riaux : Wufuwudaitang guxi tianzi bao ; Bazheng maonian zhi bao ; Yuanmingyuan bao, le cachet du Jardin de la Clart\u00e9 parfaite. environ 4 millions d\u2019euros \" data-e-action-hash=\"#elementor-action%3Aaction%3Dlightbox%26settings%3DeyJpZCI6MzIwMzgsInVybCI6Imh0dHBzOlwvXC93d3cubWFyY2xhYmFyYmUuY29tXC93cC1jb250ZW50XC91cGxvYWRzXC8yMDE4XC8wMVwvYWxidW0tMS00LWUxNzQ1NTczNTM0NzM3LnBuZyIsInNsaWRlc2hvdyI6ImMxMTkyZjkifQ%3D%3D\">\n\t\t\t\t\t<div class=\"e-gallery-image elementor-gallery-item__image\" data-thumbnail=\"https:\/\/www.marclabarbe.com\/wp-content\/uploads\/2018\/01\/album-1-4-e1745573534737-800x449.png\" data-width=\"800\" data-height=\"449\" aria-label=\"Around 4 million euros - Imperial Album &quot;Zhi Gong Tu&quot;, volume 4, China, Qing dynasty, Qianlong period (1736-1795)\" role=\"img\" ><\/div>\n\t\t\t\t\t\t\t\t\t\t\t<div class=\"elementor-gallery-item__overlay\"><\/div>\n\t\t\t\t\t\t\t\t\t\t\t\t\t\t<\/a>\n\t\t\t\t\t<\/div>\n\t\t\t\t\t<\/div>\n\t\t\t\t<\/div>\n\t\t\t\t\t<\/div>\n\t\t<\/div>\n\t\t\t\t\t<\/div>\n\t\t<\/section>\n\t\t\t\t<\/div>","protected":false},"excerpt":{"rendered":"<p>Asian Arts Our firm specializes in Asian arts and offers your Asian art objects an international spotlight among the greatest connoisseurs and collectors. With several million-dollar auctions, we currently hold the record for the most expensive Asian object ever sold in France at 22 [\u2026]<\/p>","protected":false},"author":61,"featured_media":27756,"parent":0,"menu_order":0,"comment_status":"closed","ping_status":"closed","template":"","meta":{"_acf_changed":false,"ocean_post_layout":"","ocean_both_sidebars_style":"","ocean_both_sidebars_content_width":0,"ocean_both_sidebars_sidebars_width":0,"ocean_sidebar":"0","ocean_second_sidebar":"0","ocean_disable_margins":"enable","ocean_add_body_class":"","ocean_shortcode_before_top_bar":"","ocean_shortcode_after_top_bar":"","ocean_shortcode_before_header":"","ocean_shortcode_after_header":"","ocean_has_shortcode":"","ocean_shortcode_after_title":"","ocean_shortcode_before_footer_widgets":"","ocean_shortcode_after_footer_widgets":"","ocean_shortcode_before_footer_bottom":"","ocean_shortcode_after_footer_bottom":"","ocean_display_top_bar":"default","ocean_display_header":"default","ocean_header_style":"","ocean_center_header_left_menu":"0","ocean_custom_header_template":"0","ocean_custom_logo":0,"ocean_custom_retina_logo":0,"ocean_custom_logo_max_width":0,"ocean_custom_logo_tablet_max_width":0,"ocean_custom_logo_mobile_max_width":0,"ocean_custom_logo_max_height":0,"ocean_custom_logo_tablet_max_height":0,"ocean_custom_logo_mobile_max_height":0,"ocean_header_custom_menu":"0","ocean_menu_typo_font_family":"0","ocean_menu_typo_font_subset":"","ocean_menu_typo_font_size":0,"ocean_menu_typo_font_size_tablet":0,"ocean_menu_typo_font_size_mobile":0,"ocean_menu_typo_font_size_unit":"px","ocean_menu_typo_font_weight":"","ocean_menu_typo_font_weight_tablet":"","ocean_menu_typo_font_weight_mobile":"","ocean_menu_typo_transform":"","ocean_menu_typo_transform_tablet":"","ocean_menu_typo_transform_mobile":"","ocean_menu_typo_line_height":0,"ocean_menu_typo_line_height_tablet":0,"ocean_menu_typo_line_height_mobile":0,"ocean_menu_typo_line_height_unit":"","ocean_menu_typo_spacing":0,"ocean_menu_typo_spacing_tablet":0,"ocean_menu_typo_spacing_mobile":0,"ocean_menu_typo_spacing_unit":"","ocean_menu_link_color":"","ocean_menu_link_color_hover":"","ocean_menu_link_color_active":"","ocean_menu_link_background":"","ocean_menu_link_hover_background":"","ocean_menu_link_active_background":"","ocean_menu_social_links_bg":"","ocean_menu_social_hover_links_bg":"","ocean_menu_social_links_color":"","ocean_menu_social_hover_links_color":"","ocean_disable_title":"on","ocean_disable_heading":"default","ocean_post_title":"","ocean_post_subheading":"","ocean_post_title_style":"","ocean_post_title_background_color":"","ocean_post_title_background":0,"ocean_post_title_bg_image_position":"","ocean_post_title_bg_image_attachment":"","ocean_post_title_bg_image_repeat":"","ocean_post_title_bg_image_size":"","ocean_post_title_height":0,"ocean_post_title_bg_overlay":0.5,"ocean_post_title_bg_overlay_color":"","ocean_disable_breadcrumbs":"default","ocean_breadcrumbs_color":"","ocean_breadcrumbs_separator_color":"","ocean_breadcrumbs_links_color":"","ocean_breadcrumbs_links_hover_color":"","ocean_display_footer_widgets":"default","ocean_display_footer_bottom":"default","ocean_custom_footer_template":"0","omw_enable_modal_window":"enable","footnotes":""},"class_list":["post-60158","page","type-page","status-publish","has-post-thumbnail","hentry","entry","has-media"],"acf":[],"jetpack_sharing_enabled":true,"publishpress_future_action":{"enabled":false,"date":"2026-05-06 17:12:57","action":"change-status","newStatus":"draft","terms":[],"taxonomy":"","extraData":[]},"publishpress_future_workflow_manual_trigger":{"enabledWorkflows":[]},"_links":{"self":[{"href":"https:\/\/www.marclabarbe.com\/en\/wp-json\/wp\/v2\/pages\/60158","targetHints":{"allow":["GET"]}}],"collection":[{"href":"https:\/\/www.marclabarbe.com\/en\/wp-json\/wp\/v2\/pages"}],"about":[{"href":"https:\/\/www.marclabarbe.com\/en\/wp-json\/wp\/v2\/types\/page"}],"author":[{"embeddable":true,"href":"https:\/\/www.marclabarbe.com\/en\/wp-json\/wp\/v2\/users\/61"}],"replies":[{"embeddable":true,"href":"https:\/\/www.marclabarbe.com\/en\/wp-json\/wp\/v2\/comments?post=60158"}],"version-history":[{"count":51,"href":"https:\/\/www.marclabarbe.com\/en\/wp-json\/wp\/v2\/pages\/60158\/revisions"}],"predecessor-version":[{"id":62726,"href":"https:\/\/www.marclabarbe.com\/en\/wp-json\/wp\/v2\/pages\/60158\/revisions\/62726"}],"wp:featuredmedia":[{"embeddable":true,"href":"https:\/\/www.marclabarbe.com\/en\/wp-json\/wp\/v2\/media\/27756"}],"wp:attachment":[{"href":"https:\/\/www.marclabarbe.com\/en\/wp-json\/wp\/v2\/media?parent=60158"}],"curies":[{"name":"wp","href":"https:\/\/api.w.org\/{rel}","templated":true}]}}